{"id":600,"date":"2026-01-13T15:03:50","date_gmt":"2026-01-13T15:03:50","guid":{"rendered":"https:\/\/www.casa-privada.com\/?page_id=600"},"modified":"2026-02-23T14:58:07","modified_gmt":"2026-02-23T14:58:07","slug":"actualidad","status":"publish","type":"page","link":"https:\/\/www.casa-privada.com\/es\/actualidad\/","title":{"rendered":"Actualidad"},"content":{"rendered":"<div data-elementor-type=\"wp-page\" data-elementor-id=\"600\" class=\"elementor elementor-600\" data-elementor-post-type=\"page\">\n\t\t\t\t<div class=\"elementor-element elementor-element-b4423d0 e-flex e-con-boxed e-con e-parent\" data-id=\"b4423d0\" data-element_type=\"container\" data-settings=\"{&quot;background_background&quot;:&quot;classic&quot;}\">\n\t\t\t\t\t<div class=\"e-con-inner\">\n\t\t\t\t<div class=\"elementor-element elementor-element-8bfbe97 elementor-widget elementor-widget-spacer\" data-id=\"8bfbe97\" data-element_type=\"widget\" data-widget_type=\"spacer.default\">\n\t\t\t\t<div class=\"elementor-widget-container\">\n\t\t\t\t\t\t\t<div class=\"elementor-spacer\">\n\t\t\t<div class=\"elementor-spacer-inner\"><\/div>\n\t\t<\/div>\n\t\t\t\t\t\t<\/div>\n\t\t\t\t<\/div>\n\t\t<div class=\"elementor-element elementor-element-571324c e-con-full e-flex e-con e-child\" data-id=\"571324c\" data-element_type=\"container\" data-settings=\"{&quot;background_background&quot;:&quot;classic&quot;}\">\n\t\t\t\t<div class=\"elementor-element elementor-element-920f850 elementor-widget elementor-widget-heading\" data-id=\"920f850\" data-element_type=\"widget\" data-widget_type=\"heading.default\">\n\t\t\t\t<div class=\"elementor-widget-container\">\n\t\t\t\t\t<h1 class=\"elementor-heading-title elementor-size-default\">Actualidad Casa Privada<\/h1>\t\t\t\t<\/div>\n\t\t\t\t<\/div>\n\t\t\t\t<\/div>\n\t\t\t\t<div class=\"elementor-element elementor-element-6e07f7e elementor-widget elementor-widget-spacer\" data-id=\"6e07f7e\" data-element_type=\"widget\" data-widget_type=\"spacer.default\">\n\t\t\t\t<div class=\"elementor-widget-container\">\n\t\t\t\t\t\t\t<div class=\"elementor-spacer\">\n\t\t\t<div class=\"elementor-spacer-inner\"><\/div>\n\t\t<\/div>\n\t\t\t\t\t\t<\/div>\n\t\t\t\t<\/div>\n\t\t\t\t\t<\/div>\n\t\t\t\t<\/div>\n\t\t<div class=\"elementor-element elementor-element-0e3a4f5 e-flex e-con-boxed e-con e-parent\" data-id=\"0e3a4f5\" data-element_type=\"container\">\n\t\t\t\t\t<div class=\"e-con-inner\">\n\t\t\t\t<div class=\"elementor-element elementor-element-f65b5b0 elementor-widget elementor-widget-spacer\" data-id=\"f65b5b0\" data-element_type=\"widget\" data-widget_type=\"spacer.default\">\n\t\t\t\t<div class=\"elementor-widget-container\">\n\t\t\t\t\t\t\t<div class=\"elementor-spacer\">\n\t\t\t<div class=\"elementor-spacer-inner\"><\/div>\n\t\t<\/div>\n\t\t\t\t\t\t<\/div>\n\t\t\t\t<\/div>\n\t\t\t\t<div class=\"elementor-element elementor-element-ae298ba elementor-posts--align-left elementor-grid-3 elementor-grid-tablet-2 elementor-grid-mobile-1 elementor-posts--thumbnail-top elementor-widget elementor-widget-posts\" data-id=\"ae298ba\" data-element_type=\"widget\" data-settings=\"{&quot;pagination_type&quot;:&quot;numbers_and_prev_next&quot;,&quot;classic_columns&quot;:&quot;3&quot;,&quot;classic_columns_tablet&quot;:&quot;2&quot;,&quot;classic_columns_mobile&quot;:&quot;1&quot;,&quot;classic_row_gap&quot;:{&quot;unit&quot;:&quot;px&quot;,&quot;size&quot;:35,&quot;sizes&quot;:[]},&quot;classic_row_gap_tablet&quot;:{&quot;unit&quot;:&quot;px&quot;,&quot;size&quot;:&quot;&quot;,&quot;sizes&quot;:[]},&quot;classic_row_gap_mobile&quot;:{&quot;unit&quot;:&quot;px&quot;,&quot;size&quot;:&quot;&quot;,&quot;sizes&quot;:[]},&quot;load_more_spinner&quot;:{&quot;value&quot;:&quot;fas fa-spinner&quot;,&quot;library&quot;:&quot;fa-solid&quot;}}\" data-widget_type=\"posts.classic\">\n\t\t\t\t<div class=\"elementor-widget-container\">\n\t\t\t\t\t\t\t<div class=\"elementor-posts-container elementor-posts elementor-posts--skin-classic elementor-grid\">\n\t\t\t\t<article class=\"elementor-post elementor-grid-item post-1045 post type-post status-publish format-standard has-post-thumbnail hentry category-actualite\">\n\t\t\t\t<a class=\"elementor-post__thumbnail__link\" href=\"https:\/\/www.casa-privada.com\/es\/alquiler-vacacional-vejer-de-la-frontera\/\" tabindex=\"-1\" >\n\t\t\t<div class=\"elementor-post__thumbnail\"><img fetchpriority=\"high\" decoding=\"async\" width=\"600\" height=\"900\" src=\"https:\/\/www.casa-privada.com\/wp-content\/uploads\/Vejer3.webp\" class=\"attachment-full size-full wp-image-788\" alt=\"Location vacances Vejer de la Frontera\" srcset=\"https:\/\/www.casa-privada.com\/wp-content\/uploads\/Vejer3.webp 600w, https:\/\/www.casa-privada.com\/wp-content\/uploads\/Vejer3-200x300.webp 200w\" sizes=\"(max-width: 600px) 100vw, 600px\" \/><\/div>\n\t\t<\/a>\n\t\t\t\t<div class=\"elementor-post__text\">\n\t\t\t\t<h3 class=\"elementor-post__title\">\n\t\t\t<a href=\"https:\/\/www.casa-privada.com\/es\/alquiler-vacacional-vejer-de-la-frontera\/\" >\n\t\t\t\tAlquiler vacacional en Vejer de la Frontera en nuestra nueva web\t\t\t<\/a>\n\t\t<\/h3>\n\t\t\t\t<div class=\"elementor-post__excerpt\">\n\t\t\t<p>Casa Privada: una direcci\u00f3n exclusiva en pleno coraz\u00f3n de Andaluc\u00eda\nSi est\u00e1 buscando un alquiler vacacional en Vejer de la Frontera que combine encanto, intimidad y comodidad, Casa Privada es una apuesta segura. Situada junto a la muralla de Vejer de la Frontera, a pocos pasos del casco<\/p>\n\t\t<\/div>\n\t\t\n\t\t<a class=\"elementor-post__read-more\" href=\"https:\/\/www.casa-privada.com\/es\/alquiler-vacacional-vejer-de-la-frontera\/\" aria-label=\"Read more about Location de vacances \u00e0 Vejer de la Frontera sur notre nouveau site\" tabindex=\"-1\" >\n\t\t\tLire la suite \u00bb\t\t<\/a>\n\n\t\t\t\t<\/div>\n\t\t\t\t<\/article>\n\t\t\t\t<\/div>\n\t\t\n\t\t\t\t\t\t<\/div>\n\t\t\t\t<\/div>\n\t\t\t\t<div class=\"elementor-element elementor-element-b54af9b elementor-widget-divider--view-line elementor-widget elementor-widget-divider\" data-id=\"b54af9b\" data-element_type=\"widget\" data-widget_type=\"divider.default\">\n\t\t\t\t<div class=\"elementor-widget-container\">\n\t\t\t\t\t\t\t<div class=\"elementor-divider\">\n\t\t\t<span class=\"elementor-divider-separator\">\n\t\t\t\t\t\t<\/span>\n\t\t<\/div>\n\t\t\t\t\t\t<\/div>\n\t\t\t\t<\/div>\n\t\t\t\t\t<\/div>\n\t\t\t\t<\/div>\n\t\t<div class=\"elementor-element elementor-element-f9c6046 e-flex e-con-boxed e-con e-parent\" data-id=\"f9c6046\" data-element_type=\"container\">\n\t\t\t\t\t<div class=\"e-con-inner\">\n\t\t\t\t<div class=\"elementor-element elementor-element-d5262a9 elementor-widget elementor-widget-heading\" data-id=\"d5262a9\" data-element_type=\"widget\" data-widget_type=\"heading.default\">\n\t\t\t\t<div class=\"elementor-widget-container\">\n\t\t\t\t\t<h2 class=\"elementor-heading-title elementor-size-default\">Reservar Casa Privada<\/h2>\t\t\t\t<\/div>\n\t\t\t\t<\/div>\n\t\t\t\t<div class=\"elementor-element elementor-element-4aee06c elementor-widget elementor-widget-text-editor\" data-id=\"4aee06c\" data-element_type=\"widget\" data-widget_type=\"text-editor.default\">\n\t\t\t\t<div class=\"elementor-widget-container\">\n\t\t\t\t\t\t\t\t\t<p class=\"translation-block\">Para reservar su estancia, solo tiene que <a href=\"https:\/\/www.casa-privada.com\/es\/contact-casa-privada\/\" target=\"_blank\" rel=\"noopener\">contactar con Casa Privada<\/a> por tel\u00e9fono o por email: el equipo se encargar\u00e1 de organizarlo con usted.<\/p>\t\t\t\t\t\t\t\t<\/div>\n\t\t\t\t<\/div>\n\t\t\t\t\t<\/div>\n\t\t\t\t<\/div>\n\t\t<div class=\"elementor-element elementor-element-f0bc8a3 e-flex e-con-boxed e-con e-parent\" data-id=\"f0bc8a3\" data-element_type=\"container\">\n\t\t\t\t\t<div class=\"e-con-inner\">\n\t\t\t\t<div class=\"elementor-element elementor-element-a9ea3c4 elementor-widget elementor-widget-button\" data-id=\"a9ea3c4\" data-element_type=\"widget\" data-widget_type=\"button.default\">\n\t\t\t\t<div class=\"elementor-widget-container\">\n\t\t\t\t\t\t\t\t\t<div class=\"elementor-button-wrapper\">\n\t\t\t\t\t<a class=\"elementor-button elementor-button-link elementor-size-sm\" href=\"#\">\n\t\t\t\t\t\t<span class=\"elementor-button-content-wrapper\">\n\t\t\t\t\t\t\t\t\t<span class=\"elementor-button-text\">Consultar disponibilidad<\/span>\n\t\t\t\t\t<\/span>\n\t\t\t\t\t<\/a>\n\t\t\t\t<\/div>\n\t\t\t\t\t\t\t\t<\/div>\n\t\t\t\t<\/div>\n\t\t\t\t<div class=\"elementor-element elementor-element-0949a6a elementor-widget elementor-widget-button\" data-id=\"0949a6a\" data-element_type=\"widget\" data-widget_type=\"button.default\">\n\t\t\t\t<div class=\"elementor-widget-container\">\n\t\t\t\t\t\t\t\t\t<div class=\"elementor-button-wrapper\">\n\t\t\t\t\t<a class=\"elementor-button elementor-button-link elementor-size-sm\" href=\"https:\/\/www.casa-privada.com\/es\/contact-casa-privada\/\">\n\t\t\t\t\t\t<span class=\"elementor-button-content-wrapper\">\n\t\t\t\t\t\t\t\t\t<span class=\"elementor-button-text\">Contactar con Casa Privada<\/span>\n\t\t\t\t\t<\/span>\n\t\t\t\t\t<\/a>\n\t\t\t\t<\/div>\n\t\t\t\t\t\t\t\t<\/div>\n\t\t\t\t<\/div>\n\t\t\t\t<div class=\"elementor-element elementor-element-2d200d1 elementor-widget elementor-widget-button\" data-id=\"2d200d1\" data-element_type=\"widget\" data-widget_type=\"button.default\">\n\t\t\t\t<div class=\"elementor-widget-container\">\n\t\t\t\t\t\t\t\t\t<div class=\"elementor-button-wrapper\">\n\t\t\t\t\t<a class=\"elementor-button elementor-button-link elementor-size-sm\" href=\"https:\/\/www.casa-privada.com\/es\/alquiler-casa-6-personas-vejer\/\">\n\t\t\t\t\t\t<span class=\"elementor-button-content-wrapper\">\n\t\t\t\t\t\t\t\t\t<span class=\"elementor-button-text\">Descubrir las suites<\/span>\n\t\t\t\t\t<\/span>\n\t\t\t\t\t<\/a>\n\t\t\t\t<\/div>\n\t\t\t\t\t\t\t\t<\/div>\n\t\t\t\t<\/div>\n\t\t\t\t<div class=\"elementor-element elementor-element-59d7e2f elementor-widget elementor-widget-button\" data-id=\"59d7e2f\" data-element_type=\"widget\" data-widget_type=\"button.default\">\n\t\t\t\t<div class=\"elementor-widget-container\">\n\t\t\t\t\t\t\t\t\t<div class=\"elementor-button-wrapper\">\n\t\t\t\t\t<a class=\"elementor-button elementor-button-link elementor-size-sm\" href=\"https:\/\/www.casa-privada.com\/es\/casa-murallas\/\">\n\t\t\t\t\t\t<span class=\"elementor-button-content-wrapper\">\n\t\t\t\t\t\t\t\t\t<span class=\"elementor-button-text\">Descubrir la historia de nuestra casa Casa Privada<\/span>\n\t\t\t\t\t<\/span>\n\t\t\t\t\t<\/a>\n\t\t\t\t<\/div>\n\t\t\t\t\t\t\t\t<\/div>\n\t\t\t\t<\/div>\n\t\t\t\t\t<\/div>\n\t\t\t\t<\/div>\n\t\t\t\t<\/div>","protected":false},"excerpt":{"rendered":"<p>Actualit\u00e9 Casa Privada R\u00e9server Casa Privada Pour r\u00e9server votre s\u00e9jour, il suffit de contacter Casa Privada par t\u00e9l\u00e9phone ou par email : l\u2019\u00e9quipe s\u2019occupe de l\u2019organisation avec vous. V\u00e9rifier les disponibilt\u00e9s Contacter Casa Privada D\u00e9couvrir les suites D\u00e9couvrir l\u2019histoire de notre maison Casa Privada<\/p>","protected":false},"author":11,"featured_media":0,"parent":0,"menu_order":0,"comment_status":"closed","ping_status":"closed","template":"","meta":{"footnotes":""},"class_list":["post-600","page","type-page","status-publish","hentry"],"yoast_head":"<!-- This site is optimized with the Yoast SEO plugin v27.4 - https:\/\/yoast.com\/product\/yoast-seo-wordpress\/ -->\n<title>Actualit\u00e9 - Casa Privada location Vejer de la Frontera<\/title>\n<meta name=\"description\" content=\"Retrouvez toute l&#039;actualit\u00e9 de Casa Privada et d\u00e9couvrez les \u00e9v\u00e8nements \u00e0 venir \u00e0 Vejer de la Frontera pendant votre s\u00e9jour. R\u00e9servez !\" \/>\n<meta name=\"robots\" content=\"index, follow, max-snippet:-1, max-image-preview:large, max-video-preview:-1\" \/>\n<link rel=\"canonical\" href=\"https:\/\/www.casa-privada.com\/es\/actualidad\/\" \/>\n<meta property=\"og:locale\" content=\"es_ES\" \/>\n<meta property=\"og:type\" content=\"article\" \/>\n<meta property=\"og:title\" content=\"Actualit\u00e9 - Casa Privada location Vejer de la Frontera\" \/>\n<meta property=\"og:description\" content=\"Retrouvez toute l&#039;actualit\u00e9 de Casa Privada et d\u00e9couvrez les \u00e9v\u00e8nements \u00e0 venir \u00e0 Vejer de la Frontera pendant votre s\u00e9jour. R\u00e9servez !\" \/>\n<meta property=\"og:url\" content=\"https:\/\/www.casa-privada.com\/es\/actualidad\/\" \/>\n<meta property=\"og:site_name\" content=\"Casa Privada\" \/>\n<meta property=\"article:modified_time\" content=\"2026-02-23T14:58:07+00:00\" \/>\n<meta name=\"twitter:card\" content=\"summary_large_image\" \/>\n<meta name=\"twitter:label1\" content=\"Tiempo de lectura\" \/>\n\t<meta name=\"twitter:data1\" content=\"1 minuto\" \/>\n<script type=\"application\/ld+json\" class=\"yoast-schema-graph\">{\"@context\":\"https:\\\/\\\/schema.org\",\"@graph\":[{\"@type\":\"WebPage\",\"@id\":\"https:\\\/\\\/www.casa-privada.com\\\/actualite\\\/\",\"url\":\"https:\\\/\\\/www.casa-privada.com\\\/actualite\\\/\",\"name\":\"Actualit\u00e9 - Casa Privada location Vejer de la Frontera\",\"isPartOf\":{\"@id\":\"https:\\\/\\\/www.casa-privada.com\\\/#website\"},\"datePublished\":\"2026-01-13T15:03:50+00:00\",\"dateModified\":\"2026-02-23T14:58:07+00:00\",\"description\":\"Retrouvez toute l'actualit\u00e9 de Casa Privada et d\u00e9couvrez les \u00e9v\u00e8nements \u00e0 venir \u00e0 Vejer de la Frontera pendant votre s\u00e9jour. R\u00e9servez !\",\"breadcrumb\":{\"@id\":\"https:\\\/\\\/www.casa-privada.com\\\/actualite\\\/#breadcrumb\"},\"inLanguage\":\"es\",\"potentialAction\":[{\"@type\":\"ReadAction\",\"target\":[\"https:\\\/\\\/www.casa-privada.com\\\/actualite\\\/\"]}]},{\"@type\":\"BreadcrumbList\",\"@id\":\"https:\\\/\\\/www.casa-privada.com\\\/actualite\\\/#breadcrumb\",\"itemListElement\":[{\"@type\":\"ListItem\",\"position\":1,\"name\":\"Home\",\"item\":\"https:\\\/\\\/www.casa-privada.com\\\/\"},{\"@type\":\"ListItem\",\"position\":2,\"name\":\"Actualit\u00e9\"}]},{\"@type\":\"WebSite\",\"@id\":\"https:\\\/\\\/www.casa-privada.com\\\/#website\",\"url\":\"https:\\\/\\\/www.casa-privada.com\\\/\",\"name\":\"Casa Privada\",\"description\":\"Just another WordPress site\",\"publisher\":{\"@id\":\"https:\\\/\\\/www.casa-privada.com\\\/#organization\"},\"potentialAction\":[{\"@type\":\"SearchAction\",\"target\":{\"@type\":\"EntryPoint\",\"urlTemplate\":\"https:\\\/\\\/www.casa-privada.com\\\/?s={search_term_string}\"},\"query-input\":{\"@type\":\"PropertyValueSpecification\",\"valueRequired\":true,\"valueName\":\"search_term_string\"}}],\"inLanguage\":\"es\"},{\"@type\":\"Organization\",\"@id\":\"https:\\\/\\\/www.casa-privada.com\\\/#organization\",\"name\":\"Casa Privada\",\"url\":\"https:\\\/\\\/www.casa-privada.com\\\/\",\"logo\":{\"@type\":\"ImageObject\",\"inLanguage\":\"es\",\"@id\":\"https:\\\/\\\/www.casa-privada.com\\\/#\\\/schema\\\/logo\\\/image\\\/\",\"url\":\"https:\\\/\\\/www.casa-privada.com\\\/wp-content\\\/uploads\\\/Casa-Privada-blanc.png\",\"contentUrl\":\"https:\\\/\\\/www.casa-privada.com\\\/wp-content\\\/uploads\\\/Casa-Privada-blanc.png\",\"width\":1890,\"height\":567,\"caption\":\"Casa Privada\"},\"image\":{\"@id\":\"https:\\\/\\\/www.casa-privada.com\\\/#\\\/schema\\\/logo\\\/image\\\/\"}}]}<\/script>\n<!-- \/ Yoast SEO plugin. -->","yoast_head_json":{"title":"Actualidad - Casa Privada alquiler Vejer de la Frontera","description":"Mant\u00e9ngase al d\u00eda con las \u00faltimas noticias de Casa Privada y descubra los pr\u00f3ximos eventos en Vejer de la Frontera durante su estancia. \u00a1Reserve ya!","robots":{"index":"index","follow":"follow","max-snippet":"max-snippet:-1","max-image-preview":"max-image-preview:large","max-video-preview":"max-video-preview:-1"},"canonical":"https:\/\/www.casa-privada.com\/es\/actualidad\/","og_locale":"es_ES","og_type":"article","og_title":"Actualit\u00e9 - Casa Privada location Vejer de la Frontera","og_description":"Retrouvez toute l'actualit\u00e9 de Casa Privada et d\u00e9couvrez les \u00e9v\u00e8nements \u00e0 venir \u00e0 Vejer de la Frontera pendant votre s\u00e9jour. R\u00e9servez !","og_url":"https:\/\/www.casa-privada.com\/es\/actualidad\/","og_site_name":"Casa Privada","article_modified_time":"2026-02-23T14:58:07+00:00","twitter_card":"summary_large_image","twitter_misc":{"Tiempo de lectura":"1 minuto"},"schema":{"@context":"https:\/\/schema.org","@graph":[{"@type":"WebPage","@id":"https:\/\/www.casa-privada.com\/actualite\/","url":"https:\/\/www.casa-privada.com\/actualite\/","name":"Actualidad - Casa Privada alquiler Vejer de la Frontera","isPartOf":{"@id":"https:\/\/www.casa-privada.com\/#website"},"datePublished":"2026-01-13T15:03:50+00:00","dateModified":"2026-02-23T14:58:07+00:00","description":"Mant\u00e9ngase al d\u00eda con las \u00faltimas noticias de Casa Privada y descubra los pr\u00f3ximos eventos en Vejer de la Frontera durante su estancia. \u00a1Reserve ya!","breadcrumb":{"@id":"https:\/\/www.casa-privada.com\/actualite\/#breadcrumb"},"inLanguage":"es","potentialAction":[{"@type":"ReadAction","target":["https:\/\/www.casa-privada.com\/actualite\/"]}]},{"@type":"BreadcrumbList","@id":"https:\/\/www.casa-privada.com\/actualite\/#breadcrumb","itemListElement":[{"@type":"ListItem","position":1,"name":"Home","item":"https:\/\/www.casa-privada.com\/"},{"@type":"ListItem","position":2,"name":"Actualit\u00e9"}]},{"@type":"WebSite","@id":"https:\/\/www.casa-privada.com\/#website","url":"https:\/\/www.casa-privada.com\/","name":"Casa Privada","description":"Just another WordPress site","publisher":{"@id":"https:\/\/www.casa-privada.com\/#organization"},"potentialAction":[{"@type":"SearchAction","target":{"@type":"EntryPoint","urlTemplate":"https:\/\/www.casa-privada.com\/?s={search_term_string}"},"query-input":{"@type":"PropertyValueSpecification","valueRequired":true,"valueName":"search_term_string"}}],"inLanguage":"es"},{"@type":"Organization","@id":"https:\/\/www.casa-privada.com\/#organization","name":"Casa Privada","url":"https:\/\/www.casa-privada.com\/","logo":{"@type":"ImageObject","inLanguage":"es","@id":"https:\/\/www.casa-privada.com\/#\/schema\/logo\/image\/","url":"https:\/\/www.casa-privada.com\/wp-content\/uploads\/Casa-Privada-blanc.png","contentUrl":"https:\/\/www.casa-privada.com\/wp-content\/uploads\/Casa-Privada-blanc.png","width":1890,"height":567,"caption":"Casa Privada"},"image":{"@id":"https:\/\/www.casa-privada.com\/#\/schema\/logo\/image\/"}}]}},"_links":{"self":[{"href":"https:\/\/www.casa-privada.com\/es\/wp-json\/wp\/v2\/pages\/600","targetHints":{"allow":["GET"]}}],"collection":[{"href":"https:\/\/www.casa-privada.com\/es\/wp-json\/wp\/v2\/pages"}],"about":[{"href":"https:\/\/www.casa-privada.com\/es\/wp-json\/wp\/v2\/types\/page"}],"author":[{"embeddable":true,"href":"https:\/\/www.casa-privada.com\/es\/wp-json\/wp\/v2\/users\/11"}],"replies":[{"embeddable":true,"href":"https:\/\/www.casa-privada.com\/es\/wp-json\/wp\/v2\/comments?post=600"}],"version-history":[{"count":5,"href":"https:\/\/www.casa-privada.com\/es\/wp-json\/wp\/v2\/pages\/600\/revisions"}],"predecessor-version":[{"id":1232,"href":"https:\/\/www.casa-privada.com\/es\/wp-json\/wp\/v2\/pages\/600\/revisions\/1232"}],"wp:attachment":[{"href":"https:\/\/www.casa-privada.com\/es\/wp-json\/wp\/v2\/media?parent=600"}],"curies":[{"name":"wp","href":"https:\/\/api.w.org\/{rel}","templated":true}]}}