{"id":251,"date":"2024-10-05T15:38:05","date_gmt":"2024-10-05T15:38:05","guid":{"rendered":"https:\/\/www.casa-privada.com\/?page_id=251"},"modified":"2026-02-23T15:03:44","modified_gmt":"2026-02-23T15:03:44","slug":"politique-de-confidentialite","status":"publish","type":"page","link":"https:\/\/www.casa-privada.com\/es\/politique-de-confidentialite\/","title":{"rendered":"Pol\u00edtica de privacidad"},"content":{"rendered":"<div data-elementor-type=\"wp-page\" data-elementor-id=\"251\" class=\"elementor elementor-251\" data-elementor-post-type=\"page\">\n\t\t\t\t<div class=\"elementor-element elementor-element-1ed7f31 e-flex e-con-boxed e-con e-parent\" data-id=\"1ed7f31\" data-element_type=\"container\">\n\t\t\t\t\t<div class=\"e-con-inner\">\n\t\t\t\t<div class=\"elementor-element elementor-element-63ff76e elementor-widget elementor-widget-spacer\" data-id=\"63ff76e\" data-element_type=\"widget\" data-widget_type=\"spacer.default\">\n\t\t\t\t<div class=\"elementor-widget-container\">\n\t\t\t\t\t\t\t<div class=\"elementor-spacer\">\n\t\t\t<div class=\"elementor-spacer-inner\"><\/div>\n\t\t<\/div>\n\t\t\t\t\t\t<\/div>\n\t\t\t\t<\/div>\n\t\t\t\t<div class=\"elementor-element elementor-element-5f14484 elementor-widget elementor-widget-heading\" data-id=\"5f14484\" data-element_type=\"widget\" data-widget_type=\"heading.default\">\n\t\t\t\t<div class=\"elementor-widget-container\">\n\t\t\t\t\t<h1 class=\"elementor-heading-title elementor-size-default\">Pol\u00edtica de privacidad<\/h1>\t\t\t\t<\/div>\n\t\t\t\t<\/div>\n\t\t\t\t<div class=\"elementor-element elementor-element-b896b7a elementor-widget elementor-widget-spacer\" data-id=\"b896b7a\" data-element_type=\"widget\" data-widget_type=\"spacer.default\">\n\t\t\t\t<div class=\"elementor-widget-container\">\n\t\t\t\t\t\t\t<div class=\"elementor-spacer\">\n\t\t\t<div class=\"elementor-spacer-inner\"><\/div>\n\t\t<\/div>\n\t\t\t\t\t\t<\/div>\n\t\t\t\t<\/div>\n\t\t\t\t\t<\/div>\n\t\t\t\t<\/div>\n\t\t<div class=\"elementor-element elementor-element-36afe6d e-con-full e-flex e-con e-child\" data-id=\"36afe6d\" data-element_type=\"container\" data-settings=\"{&quot;background_background&quot;:&quot;classic&quot;}\">\n\t\t\t\t<div class=\"elementor-element elementor-element-d2ffb1e elementor-widget elementor-widget-heading\" data-id=\"d2ffb1e\" data-element_type=\"widget\" data-widget_type=\"heading.default\">\n\t\t\t\t<div class=\"elementor-widget-container\">\n\t\t\t\t\t<h2 class=\"elementor-heading-title elementor-size-default\">Datos recopilados<\/h2>\t\t\t\t<\/div>\n\t\t\t\t<\/div>\n\t\t\t\t<div class=\"elementor-element elementor-element-10d02d7 elementor-widget elementor-widget-text-editor\" data-id=\"10d02d7\" data-element_type=\"widget\" data-widget_type=\"text-editor.default\">\n\t\t\t\t<div class=\"elementor-widget-container\">\n\t\t\t\t\t\t\t\t\t<p>Su direcci\u00f3n IP se anonimiza y la parte conservada solo se utiliza para identificar el pa\u00eds. Recopilamos el tipo de navegador de internet y el sistema operativo. Los datos se eliminan autom\u00e1ticamente en un plazo conforme a la normativa.<\/p><p>Si este sitio web contiene un formulario de contacto, se requiere su permiso para utilizarlo. En ese caso, recopilamos la informaci\u00f3n que usted nos facilita, como su nombre, su direcci\u00f3n de correo electr\u00f3nico y cualquier otra informaci\u00f3n pertinente solicitada en el formulario. Los datos se eliminan autom\u00e1ticamente en un plazo conforme a la normativa.<\/p>\t\t\t\t\t\t\t\t<\/div>\n\t\t\t\t<\/div>\n\t\t\t\t<div class=\"elementor-element elementor-element-2a88674 elementor-widget elementor-widget-heading\" data-id=\"2a88674\" data-element_type=\"widget\" data-widget_type=\"heading.default\">\n\t\t\t\t<div class=\"elementor-widget-container\">\n\t\t\t\t\t<h2 class=\"elementor-heading-title elementor-size-default\">Finalidad de los datos<\/h2>\t\t\t\t<\/div>\n\t\t\t\t<\/div>\n\t\t\t\t<div class=\"elementor-element elementor-element-c17d4d6 elementor-widget elementor-widget-text-editor\" data-id=\"c17d4d6\" data-element_type=\"widget\" data-widget_type=\"text-editor.default\">\n\t\t\t\t<div class=\"elementor-widget-container\">\n\t\t\t\t\t\t\t\t\t<p>Seg\u00fan los casos, el proveedor de alojamiento trata los datos recopilados a trav\u00e9s del sitio principalmente para las siguientes finalidades:<\/p><ul><li>La gesti\u00f3n, el tratamiento y el seguimiento de sus solicitudes y de sus intercambios con la empresa;<\/li><li>La mejora y optimizaci\u00f3n de la calidad y las funcionalidades del sitio;<\/li><li>La realizaci\u00f3n y elaboraci\u00f3n de estudios, an\u00e1lisis, informes y estad\u00edsticas.<\/li><\/ul>\t\t\t\t\t\t\t\t<\/div>\n\t\t\t\t<\/div>\n\t\t\t\t<div class=\"elementor-element elementor-element-38d2bd1 elementor-widget elementor-widget-heading\" data-id=\"38d2bd1\" data-element_type=\"widget\" data-widget_type=\"heading.default\">\n\t\t\t\t<div class=\"elementor-widget-container\">\n\t\t\t\t\t<h2 class=\"elementor-heading-title elementor-size-default\">Gesti\u00f3n de los datos<\/h2>\t\t\t\t<\/div>\n\t\t\t\t<\/div>\n\t\t\t\t<div class=\"elementor-element elementor-element-3b6bf2f elementor-widget elementor-widget-text-editor\" data-id=\"3b6bf2f\" data-element_type=\"widget\" data-widget_type=\"text-editor.default\">\n\t\t\t\t<div class=\"elementor-widget-container\">\n\t\t\t\t\t\t\t\t\t<p>\u00bfC\u00f3mo se obtiene el consentimiento?<\/p><ul><li>La aceptaci\u00f3n nunca se presume por defecto. Siempre le solicitaremos su consentimiento expl\u00edcito, indicando el contexto de la recopilaci\u00f3n.<\/li><\/ul><p>\u00bfC\u00f3mo puedo retirar mi consentimiento o controlar mis datos?<\/p><p>P\u00f3ngase en contacto con el proveedor de alojamiento:<\/p><ul><li>Si ya no consiente que podamos utilizarlos en el marco que se hab\u00eda acordado;<\/li><li>Si desea consultar, modificar o eliminar sus datos personales.<\/li><\/ul>\t\t\t\t\t\t\t\t<\/div>\n\t\t\t\t<\/div>\n\t\t\t\t<div class=\"elementor-element elementor-element-6e97544 elementor-widget elementor-widget-heading\" data-id=\"6e97544\" data-element_type=\"widget\" data-widget_type=\"heading.default\">\n\t\t\t\t<div class=\"elementor-widget-container\">\n\t\t\t\t\t<h2 class=\"elementor-heading-title elementor-size-default\">Destino de los datos<\/h2>\t\t\t\t<\/div>\n\t\t\t\t<\/div>\n\t\t\t\t<div class=\"elementor-element elementor-element-b14d227 elementor-widget elementor-widget-text-editor\" data-id=\"b14d227\" data-element_type=\"widget\" data-widget_type=\"text-editor.default\">\n\t\t\t\t<div class=\"elementor-widget-container\">\n\t\t\t\t\t\t\t\t\t<p>Sus datos personales est\u00e1n destinados a los servicios y al personal autorizado de la empresa.<\/p><p>Podr\u00e1n comunicarse, para algunas de las finalidades mencionadas y \u00fanicamente si dicha comunicaci\u00f3n resulta necesaria, al personal que pueda intervenir en el marco de los tratamientos de datos personales indicados anteriormente.<\/p>\t\t\t\t\t\t\t\t<\/div>\n\t\t\t\t<\/div>\n\t\t\t\t<div class=\"elementor-element elementor-element-a1def4f elementor-widget elementor-widget-heading\" data-id=\"a1def4f\" data-element_type=\"widget\" data-widget_type=\"heading.default\">\n\t\t\t\t<div class=\"elementor-widget-container\">\n\t\t\t\t\t<h2 class=\"elementor-heading-title elementor-size-default\">Divulgaci\u00f3n de los datos<\/h2>\t\t\t\t<\/div>\n\t\t\t\t<\/div>\n\t\t\t\t<div class=\"elementor-element elementor-element-b3101c0 elementor-widget elementor-widget-text-editor\" data-id=\"b3101c0\" data-element_type=\"widget\" data-widget_type=\"text-editor.default\">\n\t\t\t\t<div class=\"elementor-widget-container\">\n\t\t\t\t\t\t\t\t\t<p>Podemos divulgar su informaci\u00f3n personal si la ley nos obliga a hacerlo.<\/p><p>Ning\u00fan servidor est\u00e1 alojado en Estados Unidos: los datos gestionados por el proveedor de alojamiento no est\u00e1n sujetos a la Patriot Act.<\/p>\t\t\t\t\t\t\t\t<\/div>\n\t\t\t\t<\/div>\n\t\t\t\t<div class=\"elementor-element elementor-element-8ffc826 elementor-widget elementor-widget-heading\" data-id=\"8ffc826\" data-element_type=\"widget\" data-widget_type=\"heading.default\">\n\t\t\t\t<div class=\"elementor-widget-container\">\n\t\t\t\t\t<h2 class=\"elementor-heading-title elementor-size-default\">Seguridad de los datos - para todos los sitios<\/h2>\t\t\t\t<\/div>\n\t\t\t\t<\/div>\n\t\t\t\t<div class=\"elementor-element elementor-element-dbffdd7 elementor-widget elementor-widget-text-editor\" data-id=\"dbffdd7\" data-element_type=\"widget\" data-widget_type=\"text-editor.default\">\n\t\t\t\t<div class=\"elementor-widget-container\">\n\t\t\t\t\t\t\t\t\t<p>Todos nuestros sitios utilizan un alto nivel de cifrado.<\/p><p>Sus datos se recopilan dentro de la infraestructura del proveedor de alojamiento y est\u00e1n protegidos por un conjunto de medidas de acuerdo con las pr\u00e1cticas habituales.<\/p><p>Aplicamos normas y pr\u00e1cticas reconocidas por la industria para garantizar un nivel de seguridad adecuado.<\/p>\t\t\t\t\t\t\t\t<\/div>\n\t\t\t\t<\/div>\n\t\t\t\t<div class=\"elementor-element elementor-element-2144bce elementor-widget elementor-widget-heading\" data-id=\"2144bce\" data-element_type=\"widget\" data-widget_type=\"heading.default\">\n\t\t\t\t<div class=\"elementor-widget-container\">\n\t\t\t\t\t<h2 class=\"elementor-heading-title elementor-size-default\">Enlaces y sitios externos<\/h2>\t\t\t\t<\/div>\n\t\t\t\t<\/div>\n\t\t\t\t<div class=\"elementor-element elementor-element-0aee0e8 elementor-widget elementor-widget-text-editor\" data-id=\"0aee0e8\" data-element_type=\"widget\" data-widget_type=\"text-editor.default\">\n\t\t\t\t<div class=\"elementor-widget-container\">\n\t\t\t\t\t\t\t\t\t<p>Puede abandonar este sitio web haciendo clic en algunos enlaces. Estos enlaces suelen abrir una nueva pesta\u00f1a. No somos responsables del contenido de estos enlaces externos.<\/p>\t\t\t\t\t\t\t\t<\/div>\n\t\t\t\t<\/div>\n\t\t\t\t<div class=\"elementor-element elementor-element-5fa04a1 elementor-widget elementor-widget-heading\" data-id=\"5fa04a1\" data-element_type=\"widget\" data-widget_type=\"heading.default\">\n\t\t\t\t<div class=\"elementor-widget-container\">\n\t\t\t\t\t<h2 class=\"elementor-heading-title elementor-size-default\">Edad de consentimiento<\/h2>\t\t\t\t<\/div>\n\t\t\t\t<\/div>\n\t\t\t\t<div class=\"elementor-element elementor-element-cfc17d8 elementor-widget elementor-widget-text-editor\" data-id=\"cfc17d8\" data-element_type=\"widget\" data-widget_type=\"text-editor.default\">\n\t\t\t\t<div class=\"elementor-widget-container\">\n\t\t\t\t\t\t\t\t\t<p>Al utilizar este sitio, usted declara que tiene al menos la mayor\u00eda de edad en su Estado y que nos ha otorgado su consentimiento para permitir que cualquier persona menor de edad a su cargo utilice este sitio web.<\/p>\t\t\t\t\t\t\t\t<\/div>\n\t\t\t\t<\/div>\n\t\t\t\t<div class=\"elementor-element elementor-element-c35472a elementor-widget elementor-widget-heading\" data-id=\"c35472a\" data-element_type=\"widget\" data-widget_type=\"heading.default\">\n\t\t\t\t<div class=\"elementor-widget-container\">\n\t\t\t\t\t<h2 class=\"elementor-heading-title elementor-size-default\">Modificaci\u00f3n de la pol\u00edtica de privacidad<\/h2>\t\t\t\t<\/div>\n\t\t\t\t<\/div>\n\t\t\t\t<div class=\"elementor-element elementor-element-b65c9ae elementor-widget elementor-widget-text-editor\" data-id=\"b65c9ae\" data-element_type=\"widget\" data-widget_type=\"text-editor.default\">\n\t\t\t\t<div class=\"elementor-widget-container\">\n\t\t\t\t\t\t\t\t\t<p>Le rogamos que consulte esta pol\u00edtica de privacidad con frecuencia, ya que puede actualizarse en cualquier momento. Los cambios entrar\u00e1n en vigor inmediatamente tras su publicaci\u00f3n en este sitio web. Adem\u00e1s, todos los formularios de recogida de datos personales de nuestro sitio incluyen un enlace a la presente pol\u00edtica.<\/p>\t\t\t\t\t\t\t\t<\/div>\n\t\t\t\t<\/div>\n\t\t\t\t<div class=\"elementor-element elementor-element-42dfd48 elementor-widget elementor-widget-heading\" data-id=\"42dfd48\" data-element_type=\"widget\" data-widget_type=\"heading.default\">\n\t\t\t\t<div class=\"elementor-widget-container\">\n\t\t\t\t\t<h2 class=\"elementor-heading-title elementor-size-default\">Cookies utilizadas<\/h2>\t\t\t\t<\/div>\n\t\t\t\t<\/div>\n\t\t\t\t<div class=\"elementor-element elementor-element-1c49848 elementor-widget elementor-widget-text-editor\" data-id=\"1c49848\" data-element_type=\"widget\" data-widget_type=\"text-editor.default\">\n\t\t\t\t<div class=\"elementor-widget-container\">\n\t\t\t\t\t\t\t\t\t<p>El sitio web utiliza cookies conformes al RGPD para:<\/p><ul><li>Necesidades funcionales;<\/li><li>Obtener estad\u00edsticas an\u00f3nimas de navegaci\u00f3n con el fin de mejorar la experiencia del usuario;<\/li><li>Permitir el acceso a una cuenta de miembro y a contenido que no es accesible sin iniciar sesi\u00f3n.<\/li><\/ul><div>\u00a0<\/div><p>El usuario reconoce estar informado de esta pr\u00e1ctica y autoriza al proveedor de alojamiento a recurrir a ella.<\/p><p>Las cookies solo se guardan temporalmente en el ordenador del usuario. El usuario puede rechazar el almacenamiento de cookies y configurar su navegador para ser avisado previamente antes de aceptar cookies. Para ello, el usuario deber\u00e1 ajustar la configuraci\u00f3n de su navegador en este sentido.<\/p>\t\t\t\t\t\t\t\t<\/div>\n\t\t\t\t<\/div>\n\t\t\t\t<\/div>\n\t\t\t\t<\/div>","protected":false},"excerpt":{"rendered":"<p>Politique de confidentialit\u00e9 Donn\u00e9es recueillies Votre adresse IP est anonymis\u00e9e et la partie conserv\u00e9e n&rsquo;est utilis\u00e9e que pour identifier le pays. Nous recueillons le type de votre navigateur internet et de votre syst\u00e8me d&rsquo;exploitation. Les donn\u00e9es sont automatiquement effac\u00e9es dans un d\u00e9lai conforme \u00e0 la r\u00e9glementation. Si ce site web contient un formulaire de contact, [&hellip;]<\/p>\n","protected":false},"author":9,"featured_media":0,"parent":0,"menu_order":0,"comment_status":"closed","ping_status":"closed","template":"","meta":{"footnotes":""},"class_list":["post-251","page","type-page","status-publish","hentry"],"yoast_head":"<!-- This site is optimized with the Yoast SEO plugin v27.4 - https:\/\/yoast.com\/product\/yoast-seo-wordpress\/ -->\n<title>Politique de confidentialit\u00e9 Casa Privada Vejer<\/title>\n<meta name=\"description\" content=\"D\u00e9couvrez la politique de confidentialit\u00e9 Casa Privada, belle maison \u00e0 louer \u00e0 Vejer de la Frontera en Espagne\" \/>\n<meta name=\"robots\" content=\"index, follow, max-snippet:-1, max-image-preview:large, max-video-preview:-1\" \/>\n<link rel=\"canonical\" href=\"https:\/\/www.casa-privada.com\/es\/politique-de-confidentialite\/\" \/>\n<meta property=\"og:locale\" content=\"es_ES\" \/>\n<meta property=\"og:type\" content=\"article\" \/>\n<meta property=\"og:title\" content=\"Politique de confidentialit\u00e9 Casa Privada Vejer\" \/>\n<meta property=\"og:description\" content=\"D\u00e9couvrez la politique de confidentialit\u00e9 Casa Privada, belle maison \u00e0 louer \u00e0 Vejer de la Frontera en Espagne\" \/>\n<meta property=\"og:url\" content=\"https:\/\/www.casa-privada.com\/es\/politique-de-confidentialite\/\" \/>\n<meta property=\"og:site_name\" content=\"Casa Privada\" \/>\n<meta property=\"article:modified_time\" content=\"2026-02-23T15:03:44+00:00\" \/>\n<meta name=\"twitter:card\" content=\"summary_large_image\" \/>\n<meta name=\"twitter:label1\" content=\"Tiempo de lectura\" \/>\n\t<meta name=\"twitter:data1\" content=\"4 minutos\" \/>\n<script type=\"application\/ld+json\" class=\"yoast-schema-graph\">{\"@context\":\"https:\\\/\\\/schema.org\",\"@graph\":[{\"@type\":\"WebPage\",\"@id\":\"https:\\\/\\\/www.casa-privada.com\\\/politique-de-confidentialite\\\/\",\"url\":\"https:\\\/\\\/www.casa-privada.com\\\/politique-de-confidentialite\\\/\",\"name\":\"Politique de confidentialit\u00e9 Casa Privada Vejer\",\"isPartOf\":{\"@id\":\"https:\\\/\\\/www.casa-privada.com\\\/#website\"},\"datePublished\":\"2024-10-05T15:38:05+00:00\",\"dateModified\":\"2026-02-23T15:03:44+00:00\",\"description\":\"D\u00e9couvrez la politique de confidentialit\u00e9 Casa Privada, belle maison \u00e0 louer \u00e0 Vejer de la Frontera en Espagne\",\"breadcrumb\":{\"@id\":\"https:\\\/\\\/www.casa-privada.com\\\/politique-de-confidentialite\\\/#breadcrumb\"},\"inLanguage\":\"es\",\"potentialAction\":[{\"@type\":\"ReadAction\",\"target\":[\"https:\\\/\\\/www.casa-privada.com\\\/politique-de-confidentialite\\\/\"]}]},{\"@type\":\"BreadcrumbList\",\"@id\":\"https:\\\/\\\/www.casa-privada.com\\\/politique-de-confidentialite\\\/#breadcrumb\",\"itemListElement\":[{\"@type\":\"ListItem\",\"position\":1,\"name\":\"Home\",\"item\":\"https:\\\/\\\/www.casa-privada.com\\\/\"},{\"@type\":\"ListItem\",\"position\":2,\"name\":\"Politique de confidentialit\u00e9\"}]},{\"@type\":\"WebSite\",\"@id\":\"https:\\\/\\\/www.casa-privada.com\\\/#website\",\"url\":\"https:\\\/\\\/www.casa-privada.com\\\/\",\"name\":\"Casa Privada\",\"description\":\"Just another WordPress site\",\"publisher\":{\"@id\":\"https:\\\/\\\/www.casa-privada.com\\\/#organization\"},\"potentialAction\":[{\"@type\":\"SearchAction\",\"target\":{\"@type\":\"EntryPoint\",\"urlTemplate\":\"https:\\\/\\\/www.casa-privada.com\\\/?s={search_term_string}\"},\"query-input\":{\"@type\":\"PropertyValueSpecification\",\"valueRequired\":true,\"valueName\":\"search_term_string\"}}],\"inLanguage\":\"es\"},{\"@type\":\"Organization\",\"@id\":\"https:\\\/\\\/www.casa-privada.com\\\/#organization\",\"name\":\"Casa Privada\",\"url\":\"https:\\\/\\\/www.casa-privada.com\\\/\",\"logo\":{\"@type\":\"ImageObject\",\"inLanguage\":\"es\",\"@id\":\"https:\\\/\\\/www.casa-privada.com\\\/#\\\/schema\\\/logo\\\/image\\\/\",\"url\":\"https:\\\/\\\/www.casa-privada.com\\\/wp-content\\\/uploads\\\/Casa-Privada-blanc.png\",\"contentUrl\":\"https:\\\/\\\/www.casa-privada.com\\\/wp-content\\\/uploads\\\/Casa-Privada-blanc.png\",\"width\":1890,\"height\":567,\"caption\":\"Casa Privada\"},\"image\":{\"@id\":\"https:\\\/\\\/www.casa-privada.com\\\/#\\\/schema\\\/logo\\\/image\\\/\"}}]}<\/script>\n<!-- \/ Yoast SEO plugin. -->","yoast_head_json":{"title":"Politique de confidentialit\u00e9 Casa Privada Vejer","description":"D\u00e9couvrez la politique de confidentialit\u00e9 Casa Privada, belle maison \u00e0 louer \u00e0 Vejer de la Frontera en Espagne","robots":{"index":"index","follow":"follow","max-snippet":"max-snippet:-1","max-image-preview":"max-image-preview:large","max-video-preview":"max-video-preview:-1"},"canonical":"https:\/\/www.casa-privada.com\/es\/politique-de-confidentialite\/","og_locale":"es_ES","og_type":"article","og_title":"Politique de confidentialit\u00e9 Casa Privada Vejer","og_description":"D\u00e9couvrez la politique de confidentialit\u00e9 Casa Privada, belle maison \u00e0 louer \u00e0 Vejer de la Frontera en Espagne","og_url":"https:\/\/www.casa-privada.com\/es\/politique-de-confidentialite\/","og_site_name":"Casa Privada","article_modified_time":"2026-02-23T15:03:44+00:00","twitter_card":"summary_large_image","twitter_misc":{"Tiempo de lectura":"4 minutos"},"schema":{"@context":"https:\/\/schema.org","@graph":[{"@type":"WebPage","@id":"https:\/\/www.casa-privada.com\/politique-de-confidentialite\/","url":"https:\/\/www.casa-privada.com\/politique-de-confidentialite\/","name":"Politique de confidentialit\u00e9 Casa Privada Vejer","isPartOf":{"@id":"https:\/\/www.casa-privada.com\/#website"},"datePublished":"2024-10-05T15:38:05+00:00","dateModified":"2026-02-23T15:03:44+00:00","description":"D\u00e9couvrez la politique de confidentialit\u00e9 Casa Privada, belle maison \u00e0 louer \u00e0 Vejer de la Frontera en Espagne","breadcrumb":{"@id":"https:\/\/www.casa-privada.com\/politique-de-confidentialite\/#breadcrumb"},"inLanguage":"es","potentialAction":[{"@type":"ReadAction","target":["https:\/\/www.casa-privada.com\/politique-de-confidentialite\/"]}]},{"@type":"BreadcrumbList","@id":"https:\/\/www.casa-privada.com\/politique-de-confidentialite\/#breadcrumb","itemListElement":[{"@type":"ListItem","position":1,"name":"Home","item":"https:\/\/www.casa-privada.com\/"},{"@type":"ListItem","position":2,"name":"Politique de confidentialit\u00e9"}]},{"@type":"WebSite","@id":"https:\/\/www.casa-privada.com\/#website","url":"https:\/\/www.casa-privada.com\/","name":"Casa Privada","description":"Just another WordPress site","publisher":{"@id":"https:\/\/www.casa-privada.com\/#organization"},"potentialAction":[{"@type":"SearchAction","target":{"@type":"EntryPoint","urlTemplate":"https:\/\/www.casa-privada.com\/?s={search_term_string}"},"query-input":{"@type":"PropertyValueSpecification","valueRequired":true,"valueName":"search_term_string"}}],"inLanguage":"es"},{"@type":"Organization","@id":"https:\/\/www.casa-privada.com\/#organization","name":"Casa Privada","url":"https:\/\/www.casa-privada.com\/","logo":{"@type":"ImageObject","inLanguage":"es","@id":"https:\/\/www.casa-privada.com\/#\/schema\/logo\/image\/","url":"https:\/\/www.casa-privada.com\/wp-content\/uploads\/Casa-Privada-blanc.png","contentUrl":"https:\/\/www.casa-privada.com\/wp-content\/uploads\/Casa-Privada-blanc.png","width":1890,"height":567,"caption":"Casa Privada"},"image":{"@id":"https:\/\/www.casa-privada.com\/#\/schema\/logo\/image\/"}}]}},"_links":{"self":[{"href":"https:\/\/www.casa-privada.com\/es\/wp-json\/wp\/v2\/pages\/251","targetHints":{"allow":["GET"]}}],"collection":[{"href":"https:\/\/www.casa-privada.com\/es\/wp-json\/wp\/v2\/pages"}],"about":[{"href":"https:\/\/www.casa-privada.com\/es\/wp-json\/wp\/v2\/types\/page"}],"author":[{"embeddable":true,"href":"https:\/\/www.casa-privada.com\/es\/wp-json\/wp\/v2\/users\/9"}],"replies":[{"embeddable":true,"href":"https:\/\/www.casa-privada.com\/es\/wp-json\/wp\/v2\/comments?post=251"}],"version-history":[{"count":5,"href":"https:\/\/www.casa-privada.com\/es\/wp-json\/wp\/v2\/pages\/251\/revisions"}],"predecessor-version":[{"id":577,"href":"https:\/\/www.casa-privada.com\/es\/wp-json\/wp\/v2\/pages\/251\/revisions\/577"}],"wp:attachment":[{"href":"https:\/\/www.casa-privada.com\/es\/wp-json\/wp\/v2\/media?parent=251"}],"curies":[{"name":"wp","href":"https:\/\/api.w.org\/{rel}","templated":true}]}}