{"id":251,"date":"2024-10-05T15:38:05","date_gmt":"2024-10-05T15:38:05","guid":{"rendered":"https:\/\/www.casa-privada.com\/?page_id=251"},"modified":"2026-02-23T15:03:44","modified_gmt":"2026-02-23T15:03:44","slug":"politique-de-confidentialite","status":"publish","type":"page","link":"https:\/\/www.casa-privada.com\/en\/politique-de-confidentialite\/","title":{"rendered":"Privacy Policy"},"content":{"rendered":"<div data-elementor-type=\"wp-page\" data-elementor-id=\"251\" class=\"elementor elementor-251\" data-elementor-post-type=\"page\">\n\t\t\t\t<div class=\"elementor-element elementor-element-1ed7f31 e-flex e-con-boxed e-con e-parent\" data-id=\"1ed7f31\" data-element_type=\"container\">\n\t\t\t\t\t<div class=\"e-con-inner\">\n\t\t\t\t<div class=\"elementor-element elementor-element-63ff76e elementor-widget elementor-widget-spacer\" data-id=\"63ff76e\" data-element_type=\"widget\" data-widget_type=\"spacer.default\">\n\t\t\t\t<div class=\"elementor-widget-container\">\n\t\t\t\t\t\t\t<div class=\"elementor-spacer\">\n\t\t\t<div class=\"elementor-spacer-inner\"><\/div>\n\t\t<\/div>\n\t\t\t\t\t\t<\/div>\n\t\t\t\t<\/div>\n\t\t\t\t<div class=\"elementor-element elementor-element-5f14484 elementor-widget elementor-widget-heading\" data-id=\"5f14484\" data-element_type=\"widget\" data-widget_type=\"heading.default\">\n\t\t\t\t<div class=\"elementor-widget-container\">\n\t\t\t\t\t<h1 class=\"elementor-heading-title elementor-size-default\">Privacy Policy<\/h1>\t\t\t\t<\/div>\n\t\t\t\t<\/div>\n\t\t\t\t<div class=\"elementor-element elementor-element-b896b7a elementor-widget elementor-widget-spacer\" data-id=\"b896b7a\" data-element_type=\"widget\" data-widget_type=\"spacer.default\">\n\t\t\t\t<div class=\"elementor-widget-container\">\n\t\t\t\t\t\t\t<div class=\"elementor-spacer\">\n\t\t\t<div class=\"elementor-spacer-inner\"><\/div>\n\t\t<\/div>\n\t\t\t\t\t\t<\/div>\n\t\t\t\t<\/div>\n\t\t\t\t\t<\/div>\n\t\t\t\t<\/div>\n\t\t<div class=\"elementor-element elementor-element-36afe6d e-con-full e-flex e-con e-child\" data-id=\"36afe6d\" data-element_type=\"container\" data-settings=\"{&quot;background_background&quot;:&quot;classic&quot;}\">\n\t\t\t\t<div class=\"elementor-element elementor-element-d2ffb1e elementor-widget elementor-widget-heading\" data-id=\"d2ffb1e\" data-element_type=\"widget\" data-widget_type=\"heading.default\">\n\t\t\t\t<div class=\"elementor-widget-container\">\n\t\t\t\t\t<h2 class=\"elementor-heading-title elementor-size-default\">Data Collected<\/h2>\t\t\t\t<\/div>\n\t\t\t\t<\/div>\n\t\t\t\t<div class=\"elementor-element elementor-element-10d02d7 elementor-widget elementor-widget-text-editor\" data-id=\"10d02d7\" data-element_type=\"widget\" data-widget_type=\"text-editor.default\">\n\t\t\t\t<div class=\"elementor-widget-container\">\n\t\t\t\t\t\t\t\t\t<p>Your IP address is anonymized, and only the country-identifying portion is retained. We collect your internet browser type and operating system information. Data is automatically deleted within a legally compliant timeframe.<\/p><p>If this website contains a contact form, your permission is required to use it. We then collect the information you provide, such as your name, email address, and any other relevant details requested in the form. Data is automatically deleted within a timeframe consistent with regulations.<\/p>\t\t\t\t\t\t\t\t<\/div>\n\t\t\t\t<\/div>\n\t\t\t\t<div class=\"elementor-element elementor-element-2a88674 elementor-widget elementor-widget-heading\" data-id=\"2a88674\" data-element_type=\"widget\" data-widget_type=\"heading.default\">\n\t\t\t\t<div class=\"elementor-widget-container\">\n\t\t\t\t\t<h2 class=\"elementor-heading-title elementor-size-default\">Purpose of Data Collection<\/h2>\t\t\t\t<\/div>\n\t\t\t\t<\/div>\n\t\t\t\t<div class=\"elementor-element elementor-element-c17d4d6 elementor-widget elementor-widget-text-editor\" data-id=\"c17d4d6\" data-element_type=\"widget\" data-widget_type=\"text-editor.default\">\n\t\t\t\t<div class=\"elementor-widget-container\">\n\t\t\t\t\t\t\t\t\t<p>Depending on the situation, the hosting provider (identified on the Legal Notice page) processes your data collected through the site for the following main purposes:<\/p><ul><li>Management, processing, and monitoring of your requests and interactions with the company via the website.<\/li><li>Enhancing and optimizing website quality and functionality.<\/li><li>Producing studies, analyses, reports, and statistics.<\/li><\/ul>\t\t\t\t\t\t\t\t<\/div>\n\t\t\t\t<\/div>\n\t\t\t\t<div class=\"elementor-element elementor-element-38d2bd1 elementor-widget elementor-widget-heading\" data-id=\"38d2bd1\" data-element_type=\"widget\" data-widget_type=\"heading.default\">\n\t\t\t\t<div class=\"elementor-widget-container\">\n\t\t\t\t\t<h2 class=\"elementor-heading-title elementor-size-default\">Data Management<\/h2>\t\t\t\t<\/div>\n\t\t\t\t<\/div>\n\t\t\t\t<div class=\"elementor-element elementor-element-3b6bf2f elementor-widget elementor-widget-text-editor\" data-id=\"3b6bf2f\" data-element_type=\"widget\" data-widget_type=\"text-editor.default\">\n\t\t\t\t<div class=\"elementor-widget-container\">\n\t\t\t\t\t\t\t\t\t<p>How is consent obtained?<\/p><ul><li>Consent is never implied or obtained by default. We will ask for your explicit consent, specifying the context.<\/li><\/ul><p>How can I withdraw my consent or manage my data?<\/p><p>Contact the hosting provider:<\/p><ul><li>If you no longer consent to our use of your data within the previously agreed scope;<\/li><li>If you would like to access, modify, or delete your personal data.<\/li><\/ul>\t\t\t\t\t\t\t\t<\/div>\n\t\t\t\t<\/div>\n\t\t\t\t<div class=\"elementor-element elementor-element-6e97544 elementor-widget elementor-widget-heading\" data-id=\"6e97544\" data-element_type=\"widget\" data-widget_type=\"heading.default\">\n\t\t\t\t<div class=\"elementor-widget-container\">\n\t\t\t\t\t<h2 class=\"elementor-heading-title elementor-size-default\">Data Recipients<\/h2>\t\t\t\t<\/div>\n\t\t\t\t<\/div>\n\t\t\t\t<div class=\"elementor-element elementor-element-b14d227 elementor-widget elementor-widget-text-editor\" data-id=\"b14d227\" data-element_type=\"widget\" data-widget_type=\"text-editor.default\">\n\t\t\t\t<div class=\"elementor-widget-container\">\n\t\t\t\t\t\t\t\t\t<p>Your personal data is intended for the company\u2019s authorized departments and personnel.<\/p><p>It may be shared, for some of the purposes mentioned above\u2014and only when such sharing is necessary\u2014with personnel who may be involved in the processing of the aforementioned personal data.<\/p>\t\t\t\t\t\t\t\t<\/div>\n\t\t\t\t<\/div>\n\t\t\t\t<div class=\"elementor-element elementor-element-a1def4f elementor-widget elementor-widget-heading\" data-id=\"a1def4f\" data-element_type=\"widget\" data-widget_type=\"heading.default\">\n\t\t\t\t<div class=\"elementor-widget-container\">\n\t\t\t\t\t<h2 class=\"elementor-heading-title elementor-size-default\">Data Disclosure<\/h2>\t\t\t\t<\/div>\n\t\t\t\t<\/div>\n\t\t\t\t<div class=\"elementor-element elementor-element-b3101c0 elementor-widget elementor-widget-text-editor\" data-id=\"b3101c0\" data-element_type=\"widget\" data-widget_type=\"text-editor.default\">\n\t\t\t\t<div class=\"elementor-widget-container\">\n\t\t\t\t\t\t\t\t\t<p>We may disclose your personal information if we are required to do so by law.<\/p><p>No servers are hosted in the United States: data handled by the hosting provider is not subject to the Patriot Act.<\/p>\t\t\t\t\t\t\t\t<\/div>\n\t\t\t\t<\/div>\n\t\t\t\t<div class=\"elementor-element elementor-element-8ffc826 elementor-widget elementor-widget-heading\" data-id=\"8ffc826\" data-element_type=\"widget\" data-widget_type=\"heading.default\">\n\t\t\t\t<div class=\"elementor-widget-container\">\n\t\t\t\t\t<h2 class=\"elementor-heading-title elementor-size-default\">Data Security \u2014 for all sites<\/h2>\t\t\t\t<\/div>\n\t\t\t\t<\/div>\n\t\t\t\t<div class=\"elementor-element elementor-element-dbffdd7 elementor-widget elementor-widget-text-editor\" data-id=\"dbffdd7\" data-element_type=\"widget\" data-widget_type=\"text-editor.default\">\n\t\t\t\t<div class=\"elementor-widget-container\">\n\t\t\t\t\t\t\t\t\t<p>All of our sites use a high level of encryption.<\/p><p>Your data is collected within the hosting provider\u2019s infrastructure and is protected by a set of measures in line with standard practices.<\/p><p>We implement industry-recognized standards and practices to ensure an appropriate level of security.<\/p>\t\t\t\t\t\t\t\t<\/div>\n\t\t\t\t<\/div>\n\t\t\t\t<div class=\"elementor-element elementor-element-2144bce elementor-widget elementor-widget-heading\" data-id=\"2144bce\" data-element_type=\"widget\" data-widget_type=\"heading.default\">\n\t\t\t\t<div class=\"elementor-widget-container\">\n\t\t\t\t\t<h2 class=\"elementor-heading-title elementor-size-default\">Links and external sites<\/h2>\t\t\t\t<\/div>\n\t\t\t\t<\/div>\n\t\t\t\t<div class=\"elementor-element elementor-element-0aee0e8 elementor-widget elementor-widget-text-editor\" data-id=\"0aee0e8\" data-element_type=\"widget\" data-widget_type=\"text-editor.default\">\n\t\t\t\t<div class=\"elementor-widget-container\">\n\t\t\t\t\t\t\t\t\t<p>You may leave this website by clicking on certain links. These links generally open in a new tab. We are not responsible for the content of these external links.<\/p>\t\t\t\t\t\t\t\t<\/div>\n\t\t\t\t<\/div>\n\t\t\t\t<div class=\"elementor-element elementor-element-5fa04a1 elementor-widget elementor-widget-heading\" data-id=\"5fa04a1\" data-element_type=\"widget\" data-widget_type=\"heading.default\">\n\t\t\t\t<div class=\"elementor-widget-container\">\n\t\t\t\t\t<h2 class=\"elementor-heading-title elementor-size-default\">Age of consent<\/h2>\t\t\t\t<\/div>\n\t\t\t\t<\/div>\n\t\t\t\t<div class=\"elementor-element elementor-element-cfc17d8 elementor-widget elementor-widget-text-editor\" data-id=\"cfc17d8\" data-element_type=\"widget\" data-widget_type=\"text-editor.default\">\n\t\t\t\t<div class=\"elementor-widget-container\">\n\t\t\t\t\t\t\t\t\t<p>By using this site, you represent that you are at least the age of majority in your state and that you have given us your consent to allow any minor dependents under your responsibility to use this website.<\/p>\t\t\t\t\t\t\t\t<\/div>\n\t\t\t\t<\/div>\n\t\t\t\t<div class=\"elementor-element elementor-element-c35472a elementor-widget elementor-widget-heading\" data-id=\"c35472a\" data-element_type=\"widget\" data-widget_type=\"heading.default\">\n\t\t\t\t<div class=\"elementor-widget-container\">\n\t\t\t\t\t<h2 class=\"elementor-heading-title elementor-size-default\">Changes to the Privacy Policy<\/h2>\t\t\t\t<\/div>\n\t\t\t\t<\/div>\n\t\t\t\t<div class=\"elementor-element elementor-element-b65c9ae elementor-widget elementor-widget-text-editor\" data-id=\"b65c9ae\" data-element_type=\"widget\" data-widget_type=\"text-editor.default\">\n\t\t\t\t<div class=\"elementor-widget-container\">\n\t\t\t\t\t\t\t\t\t<p>Please review this Privacy Policy frequently, as it may be updated at any time. Changes will take effect immediately upon being posted on this website. In addition, all personal data collection forms on our site include a link to this policy.<\/p>\t\t\t\t\t\t\t\t<\/div>\n\t\t\t\t<\/div>\n\t\t\t\t<div class=\"elementor-element elementor-element-42dfd48 elementor-widget elementor-widget-heading\" data-id=\"42dfd48\" data-element_type=\"widget\" data-widget_type=\"heading.default\">\n\t\t\t\t<div class=\"elementor-widget-container\">\n\t\t\t\t\t<h2 class=\"elementor-heading-title elementor-size-default\">Cookies used<\/h2>\t\t\t\t<\/div>\n\t\t\t\t<\/div>\n\t\t\t\t<div class=\"elementor-element elementor-element-1c49848 elementor-widget elementor-widget-text-editor\" data-id=\"1c49848\" data-element_type=\"widget\" data-widget_type=\"text-editor.default\">\n\t\t\t\t<div class=\"elementor-widget-container\">\n\t\t\t\t\t\t\t\t\t<p>This website uses GDPR-compliant cookies for:<\/p><ul><li>Functional needs;<\/li><li>Collecting anonymous browsing statistics to improve the user experience;<\/li><li>Allowing access to a member account and to content that is not available without logging in.<\/li><\/ul><div>\u00a0<\/div><p>The user acknowledges being informed of this practice and authorizes the hosting provider to use it.<\/p><p>Cookies are only stored temporarily on the user\u2019s computer. The user may refuse the storage of cookies and configure their browser to be notified before cookies are accepted. To do so, the user must adjust their browser settings accordingly.<\/p>\t\t\t\t\t\t\t\t<\/div>\n\t\t\t\t<\/div>\n\t\t\t\t<\/div>\n\t\t\t\t<\/div>","protected":false},"excerpt":{"rendered":"<p>Politique de confidentialit\u00e9 Donn\u00e9es recueillies Votre adresse IP est anonymis\u00e9e et la partie conserv\u00e9e n&rsquo;est utilis\u00e9e que pour identifier le pays. Nous recueillons le type de votre navigateur internet et de votre syst\u00e8me d&rsquo;exploitation. Les donn\u00e9es sont automatiquement effac\u00e9es dans un d\u00e9lai conforme \u00e0 la r\u00e9glementation. Si ce site web contient un formulaire de contact, [&hellip;]<\/p>\n","protected":false},"author":9,"featured_media":0,"parent":0,"menu_order":0,"comment_status":"closed","ping_status":"closed","template":"","meta":{"footnotes":""},"class_list":["post-251","page","type-page","status-publish","hentry"],"yoast_head":"<!-- This site is optimized with the Yoast SEO plugin v27.4 - https:\/\/yoast.com\/product\/yoast-seo-wordpress\/ -->\n<title>Politique de confidentialit\u00e9 Casa Privada Vejer<\/title>\n<meta name=\"description\" content=\"D\u00e9couvrez la politique de confidentialit\u00e9 Casa Privada, belle maison \u00e0 louer \u00e0 Vejer de la Frontera en Espagne\" \/>\n<meta name=\"robots\" content=\"index, follow, max-snippet:-1, max-image-preview:large, max-video-preview:-1\" \/>\n<link rel=\"canonical\" href=\"https:\/\/www.casa-privada.com\/en\/politique-de-confidentialite\/\" \/>\n<meta property=\"og:locale\" content=\"en_GB\" \/>\n<meta property=\"og:type\" content=\"article\" \/>\n<meta property=\"og:title\" content=\"Politique de confidentialit\u00e9 Casa Privada Vejer\" \/>\n<meta property=\"og:description\" content=\"D\u00e9couvrez la politique de confidentialit\u00e9 Casa Privada, belle maison \u00e0 louer \u00e0 Vejer de la Frontera en Espagne\" \/>\n<meta property=\"og:url\" content=\"https:\/\/www.casa-privada.com\/en\/politique-de-confidentialite\/\" \/>\n<meta property=\"og:site_name\" content=\"Casa Privada\" \/>\n<meta property=\"article:modified_time\" content=\"2026-02-23T15:03:44+00:00\" \/>\n<meta name=\"twitter:card\" content=\"summary_large_image\" \/>\n<meta name=\"twitter:label1\" content=\"Estimated reading time\" \/>\n\t<meta name=\"twitter:data1\" content=\"4 minutes\" \/>\n<script type=\"application\/ld+json\" class=\"yoast-schema-graph\">{\"@context\":\"https:\\\/\\\/schema.org\",\"@graph\":[{\"@type\":\"WebPage\",\"@id\":\"https:\\\/\\\/www.casa-privada.com\\\/politique-de-confidentialite\\\/\",\"url\":\"https:\\\/\\\/www.casa-privada.com\\\/politique-de-confidentialite\\\/\",\"name\":\"Politique de confidentialit\u00e9 Casa Privada Vejer\",\"isPartOf\":{\"@id\":\"https:\\\/\\\/www.casa-privada.com\\\/#website\"},\"datePublished\":\"2024-10-05T15:38:05+00:00\",\"dateModified\":\"2026-02-23T15:03:44+00:00\",\"description\":\"D\u00e9couvrez la politique de confidentialit\u00e9 Casa Privada, belle maison \u00e0 louer \u00e0 Vejer de la Frontera en Espagne\",\"breadcrumb\":{\"@id\":\"https:\\\/\\\/www.casa-privada.com\\\/politique-de-confidentialite\\\/#breadcrumb\"},\"inLanguage\":\"en-GB\",\"potentialAction\":[{\"@type\":\"ReadAction\",\"target\":[\"https:\\\/\\\/www.casa-privada.com\\\/politique-de-confidentialite\\\/\"]}]},{\"@type\":\"BreadcrumbList\",\"@id\":\"https:\\\/\\\/www.casa-privada.com\\\/politique-de-confidentialite\\\/#breadcrumb\",\"itemListElement\":[{\"@type\":\"ListItem\",\"position\":1,\"name\":\"Home\",\"item\":\"https:\\\/\\\/www.casa-privada.com\\\/\"},{\"@type\":\"ListItem\",\"position\":2,\"name\":\"Politique de confidentialit\u00e9\"}]},{\"@type\":\"WebSite\",\"@id\":\"https:\\\/\\\/www.casa-privada.com\\\/#website\",\"url\":\"https:\\\/\\\/www.casa-privada.com\\\/\",\"name\":\"Casa Privada\",\"description\":\"Just another WordPress site\",\"publisher\":{\"@id\":\"https:\\\/\\\/www.casa-privada.com\\\/#organization\"},\"potentialAction\":[{\"@type\":\"SearchAction\",\"target\":{\"@type\":\"EntryPoint\",\"urlTemplate\":\"https:\\\/\\\/www.casa-privada.com\\\/?s={search_term_string}\"},\"query-input\":{\"@type\":\"PropertyValueSpecification\",\"valueRequired\":true,\"valueName\":\"search_term_string\"}}],\"inLanguage\":\"en-GB\"},{\"@type\":\"Organization\",\"@id\":\"https:\\\/\\\/www.casa-privada.com\\\/#organization\",\"name\":\"Casa Privada\",\"url\":\"https:\\\/\\\/www.casa-privada.com\\\/\",\"logo\":{\"@type\":\"ImageObject\",\"inLanguage\":\"en-GB\",\"@id\":\"https:\\\/\\\/www.casa-privada.com\\\/#\\\/schema\\\/logo\\\/image\\\/\",\"url\":\"https:\\\/\\\/www.casa-privada.com\\\/wp-content\\\/uploads\\\/Casa-Privada-blanc.png\",\"contentUrl\":\"https:\\\/\\\/www.casa-privada.com\\\/wp-content\\\/uploads\\\/Casa-Privada-blanc.png\",\"width\":1890,\"height\":567,\"caption\":\"Casa Privada\"},\"image\":{\"@id\":\"https:\\\/\\\/www.casa-privada.com\\\/#\\\/schema\\\/logo\\\/image\\\/\"}}]}<\/script>\n<!-- \/ Yoast SEO plugin. -->","yoast_head_json":{"title":"Politique de confidentialit\u00e9 Casa Privada Vejer","description":"D\u00e9couvrez la politique de confidentialit\u00e9 Casa Privada, belle maison \u00e0 louer \u00e0 Vejer de la Frontera en Espagne","robots":{"index":"index","follow":"follow","max-snippet":"max-snippet:-1","max-image-preview":"max-image-preview:large","max-video-preview":"max-video-preview:-1"},"canonical":"https:\/\/www.casa-privada.com\/en\/politique-de-confidentialite\/","og_locale":"en_GB","og_type":"article","og_title":"Politique de confidentialit\u00e9 Casa Privada Vejer","og_description":"D\u00e9couvrez la politique de confidentialit\u00e9 Casa Privada, belle maison \u00e0 louer \u00e0 Vejer de la Frontera en Espagne","og_url":"https:\/\/www.casa-privada.com\/en\/politique-de-confidentialite\/","og_site_name":"Casa Privada","article_modified_time":"2026-02-23T15:03:44+00:00","twitter_card":"summary_large_image","twitter_misc":{"Estimated reading time":"4 minutes"},"schema":{"@context":"https:\/\/schema.org","@graph":[{"@type":"WebPage","@id":"https:\/\/www.casa-privada.com\/politique-de-confidentialite\/","url":"https:\/\/www.casa-privada.com\/politique-de-confidentialite\/","name":"Politique de confidentialit\u00e9 Casa Privada Vejer","isPartOf":{"@id":"https:\/\/www.casa-privada.com\/#website"},"datePublished":"2024-10-05T15:38:05+00:00","dateModified":"2026-02-23T15:03:44+00:00","description":"D\u00e9couvrez la politique de confidentialit\u00e9 Casa Privada, belle maison \u00e0 louer \u00e0 Vejer de la Frontera en Espagne","breadcrumb":{"@id":"https:\/\/www.casa-privada.com\/politique-de-confidentialite\/#breadcrumb"},"inLanguage":"en-GB","potentialAction":[{"@type":"ReadAction","target":["https:\/\/www.casa-privada.com\/politique-de-confidentialite\/"]}]},{"@type":"BreadcrumbList","@id":"https:\/\/www.casa-privada.com\/politique-de-confidentialite\/#breadcrumb","itemListElement":[{"@type":"ListItem","position":1,"name":"Home","item":"https:\/\/www.casa-privada.com\/"},{"@type":"ListItem","position":2,"name":"Politique de confidentialit\u00e9"}]},{"@type":"WebSite","@id":"https:\/\/www.casa-privada.com\/#website","url":"https:\/\/www.casa-privada.com\/","name":"Casa Privada","description":"Just another WordPress site","publisher":{"@id":"https:\/\/www.casa-privada.com\/#organization"},"potentialAction":[{"@type":"SearchAction","target":{"@type":"EntryPoint","urlTemplate":"https:\/\/www.casa-privada.com\/?s={search_term_string}"},"query-input":{"@type":"PropertyValueSpecification","valueRequired":true,"valueName":"search_term_string"}}],"inLanguage":"en-GB"},{"@type":"Organization","@id":"https:\/\/www.casa-privada.com\/#organization","name":"Casa Privada","url":"https:\/\/www.casa-privada.com\/","logo":{"@type":"ImageObject","inLanguage":"en-GB","@id":"https:\/\/www.casa-privada.com\/#\/schema\/logo\/image\/","url":"https:\/\/www.casa-privada.com\/wp-content\/uploads\/Casa-Privada-blanc.png","contentUrl":"https:\/\/www.casa-privada.com\/wp-content\/uploads\/Casa-Privada-blanc.png","width":1890,"height":567,"caption":"Casa Privada"},"image":{"@id":"https:\/\/www.casa-privada.com\/#\/schema\/logo\/image\/"}}]}},"_links":{"self":[{"href":"https:\/\/www.casa-privada.com\/en\/wp-json\/wp\/v2\/pages\/251","targetHints":{"allow":["GET"]}}],"collection":[{"href":"https:\/\/www.casa-privada.com\/en\/wp-json\/wp\/v2\/pages"}],"about":[{"href":"https:\/\/www.casa-privada.com\/en\/wp-json\/wp\/v2\/types\/page"}],"author":[{"embeddable":true,"href":"https:\/\/www.casa-privada.com\/en\/wp-json\/wp\/v2\/users\/9"}],"replies":[{"embeddable":true,"href":"https:\/\/www.casa-privada.com\/en\/wp-json\/wp\/v2\/comments?post=251"}],"version-history":[{"count":5,"href":"https:\/\/www.casa-privada.com\/en\/wp-json\/wp\/v2\/pages\/251\/revisions"}],"predecessor-version":[{"id":577,"href":"https:\/\/www.casa-privada.com\/en\/wp-json\/wp\/v2\/pages\/251\/revisions\/577"}],"wp:attachment":[{"href":"https:\/\/www.casa-privada.com\/en\/wp-json\/wp\/v2\/media?parent=251"}],"curies":[{"name":"wp","href":"https:\/\/api.w.org\/{rel}","templated":true}]}}