{"id":246,"date":"2024-10-05T15:35:53","date_gmt":"2024-10-05T15:35:53","guid":{"rendered":"https:\/\/www.casa-privada.com\/?page_id=246"},"modified":"2026-02-23T15:05:54","modified_gmt":"2026-02-23T15:05:54","slug":"mentions-legales","status":"publish","type":"page","link":"https:\/\/www.casa-privada.com\/en\/mentions-legales\/","title":{"rendered":"Legal Notice"},"content":{"rendered":"<div data-elementor-type=\"wp-page\" data-elementor-id=\"246\" class=\"elementor elementor-246\" data-elementor-post-type=\"page\">\n\t\t\t\t<div class=\"elementor-element elementor-element-c95f9f6 e-flex e-con-boxed e-con e-parent\" data-id=\"c95f9f6\" data-element_type=\"container\">\n\t\t\t\t\t<div class=\"e-con-inner\">\n\t\t\t\t<div class=\"elementor-element elementor-element-c0e9ec0 elementor-widget elementor-widget-spacer\" data-id=\"c0e9ec0\" data-element_type=\"widget\" data-widget_type=\"spacer.default\">\n\t\t\t\t<div class=\"elementor-widget-container\">\n\t\t\t\t\t\t\t<div class=\"elementor-spacer\">\n\t\t\t<div class=\"elementor-spacer-inner\"><\/div>\n\t\t<\/div>\n\t\t\t\t\t\t<\/div>\n\t\t\t\t<\/div>\n\t\t\t\t<div class=\"elementor-element elementor-element-e26917d elementor-widget elementor-widget-heading\" data-id=\"e26917d\" data-element_type=\"widget\" data-widget_type=\"heading.default\">\n\t\t\t\t<div class=\"elementor-widget-container\">\n\t\t\t\t\t<h1 class=\"elementor-heading-title elementor-size-default\">Legal Notice<\/h1>\t\t\t\t<\/div>\n\t\t\t\t<\/div>\n\t\t\t\t<div class=\"elementor-element elementor-element-9cb6df7 elementor-widget elementor-widget-spacer\" data-id=\"9cb6df7\" data-element_type=\"widget\" data-widget_type=\"spacer.default\">\n\t\t\t\t<div class=\"elementor-widget-container\">\n\t\t\t\t\t\t\t<div class=\"elementor-spacer\">\n\t\t\t<div class=\"elementor-spacer-inner\"><\/div>\n\t\t<\/div>\n\t\t\t\t\t\t<\/div>\n\t\t\t\t<\/div>\n\t\t\t\t\t<\/div>\n\t\t\t\t<\/div>\n\t\t<div class=\"elementor-element elementor-element-20b3ca1 e-flex e-con-boxed e-con e-child\" data-id=\"20b3ca1\" data-element_type=\"container\" data-settings=\"{&quot;background_background&quot;:&quot;classic&quot;}\">\n\t\t\t\t\t<div class=\"e-con-inner\">\n\t\t\t\t<div class=\"elementor-element elementor-element-a7b7a24 elementor-widget elementor-widget-heading\" data-id=\"a7b7a24\" data-element_type=\"widget\" data-widget_type=\"heading.default\">\n\t\t\t\t<div class=\"elementor-widget-container\">\n\t\t\t\t\t<h2 class=\"elementor-heading-title elementor-size-default\">Publisher and Editorial Director<\/h2>\t\t\t\t<\/div>\n\t\t\t\t<\/div>\n\t\t\t\t<div class=\"elementor-element elementor-element-96e5126 elementor-widget elementor-widget-text-editor\" data-id=\"96e5126\" data-element_type=\"widget\" data-widget_type=\"text-editor.default\">\n\t\t\t\t<div class=\"elementor-widget-container\">\n\t\t\t\t\t\t\t\t\t<p>Matthieu Lhospitalier<\/p><p>Casa Privada<\/p><p>9 Calle Sancho 4 el bravo,<\/p><p>11510 Vejer de la Frontera<\/p><p><a href=\"mailto:contact@casadepaella.fr\" target=\"_blank\" rel=\"noopener\">contact@casaprivada.com<\/a><\/p><p><a href=\"http:\/\/www.casadepaella.fr\" target=\"_blank\" rel=\"noopener\">www.casa-privada.com<\/a><\/p>\t\t\t\t\t\t\t\t<\/div>\n\t\t\t\t<\/div>\n\t\t<div class=\"elementor-element elementor-element-c76b996 e-con-full e-flex e-con e-child\" data-id=\"c76b996\" data-element_type=\"container\" data-settings=\"{&quot;background_background&quot;:&quot;classic&quot;}\">\n\t\t\t\t<div class=\"elementor-element elementor-element-75f3b64 elementor-widget elementor-widget-image\" data-id=\"75f3b64\" data-element_type=\"widget\" data-widget_type=\"image.default\">\n\t\t\t\t<div class=\"elementor-widget-container\">\n\t\t\t\t\t\t\t\t\t\t\t\t\t\t\t<img fetchpriority=\"high\" decoding=\"async\" width=\"1890\" height=\"567\" src=\"https:\/\/www.casa-privada.com\/wp-content\/uploads\/Casa-Privada.png\" class=\"attachment-full size-full wp-image-1090\" alt=\"Casa Privada\" srcset=\"https:\/\/www.casa-privada.com\/wp-content\/uploads\/Casa-Privada.png 1890w, https:\/\/www.casa-privada.com\/wp-content\/uploads\/Casa-Privada-300x90.png 300w, https:\/\/www.casa-privada.com\/wp-content\/uploads\/Casa-Privada-1024x307.png 1024w, https:\/\/www.casa-privada.com\/wp-content\/uploads\/Casa-Privada-768x230.png 768w, https:\/\/www.casa-privada.com\/wp-content\/uploads\/Casa-Privada-1536x461.png 1536w\" sizes=\"(max-width: 1890px) 100vw, 1890px\" \/>\t\t\t\t\t\t\t\t\t\t\t\t\t\t\t<\/div>\n\t\t\t\t<\/div>\n\t\t\t\t<\/div>\n\t\t\t\t<div class=\"elementor-element elementor-element-c0b2763 elementor-widget elementor-widget-heading\" data-id=\"c0b2763\" data-element_type=\"widget\" data-widget_type=\"heading.default\">\n\t\t\t\t<div class=\"elementor-widget-container\">\n\t\t\t\t\t<h2 class=\"elementor-heading-title elementor-size-default\">Design &amp; Hosting<\/h2>\t\t\t\t<\/div>\n\t\t\t\t<\/div>\n\t\t\t\t<div class=\"elementor-element elementor-element-769f1d7 elementor-widget elementor-widget-text-editor\" data-id=\"769f1d7\" data-element_type=\"widget\" data-widget_type=\"text-editor.default\">\n\t\t\t\t<div class=\"elementor-widget-container\">\n\t\t\t\t\t\t\t\t\t<p>Sowebio SARL \u2013 Web agency Aquitaine<\/p><p>15 rue du Temple<br \/>17310 St Pierre d\u2019Ol\u00e9ron<br \/>T\u00e9l : <a href=\"tel:+33546855840\" target=\"_blank\" rel=\"noopener\">05 46 85 58 40<\/a><\/p><p><a href=\"mailto:contact@soweb.io\" target=\"_blank\" rel=\"noopener\">contact@soweb.io<\/a><br \/><a href=\"https:\/\/www.soweb.io\" target=\"_blank\" rel=\"noopener\">www.soweb.io<\/a><\/p><p>RCS La Rochelle : 844 060 046<br \/>SIRET : 844016004600019<\/p>\t\t\t\t\t\t\t\t<\/div>\n\t\t\t\t<\/div>\n\t\t<div class=\"elementor-element elementor-element-99f8fdf e-con-full e-flex e-con e-child\" data-id=\"99f8fdf\" data-element_type=\"container\" data-settings=\"{&quot;background_background&quot;:&quot;classic&quot;}\">\n\t\t\t\t<div class=\"elementor-element elementor-element-592e328 elementor-widget elementor-widget-image\" data-id=\"592e328\" data-element_type=\"widget\" data-widget_type=\"image.default\">\n\t\t\t\t<div class=\"elementor-widget-container\">\n\t\t\t\t\t\t\t\t\t\t\t\t\t\t\t<img decoding=\"async\" width=\"794\" height=\"559\" src=\"https:\/\/www.casa-privada.com\/wp-content\/uploads\/logo-sowebio-vertical.png\" class=\"attachment-full size-full wp-image-579\" alt=\"\" srcset=\"https:\/\/www.casa-privada.com\/wp-content\/uploads\/logo-sowebio-vertical.png 794w, https:\/\/www.casa-privada.com\/wp-content\/uploads\/logo-sowebio-vertical-300x211.png 300w, https:\/\/www.casa-privada.com\/wp-content\/uploads\/logo-sowebio-vertical-768x541.png 768w\" sizes=\"(max-width: 794px) 100vw, 794px\" \/>\t\t\t\t\t\t\t\t\t\t\t\t\t\t\t<\/div>\n\t\t\t\t<\/div>\n\t\t\t\t<\/div>\n\t\t\t\t<div class=\"elementor-element elementor-element-ba6d698 elementor-widget elementor-widget-text-editor\" data-id=\"ba6d698\" data-element_type=\"widget\" data-widget_type=\"text-editor.default\">\n\t\t\t\t<div class=\"elementor-widget-container\">\n\t\t\t\t\t\t\t\t\t<p>The hosting provider manages web hosting and associated services (email servers, cloud drives, statistical analysis, backups, monitoring, etc.) using its own physical servers, supported by multi-domain expertise.<\/p><p>Sowebio has its own private European 2 Gbps network, which relies on OVHcloud's fiber optic network.<\/p><p>The hosting provider\u2019s infrastructure is located exclusively in France (Gravelines, Paris, Roubaix, Strasbourg), within OVH datacenters, the leading European host and the world\u2019s third-largest hosting provider.<\/p><p>The infrastructure benefits from OVH\u2019s global fiber optic network and over 30 points of presence across the four main continents, as well as the most advanced distributed denial-of-service (DDoS) protection technology on the market.<\/p>\t\t\t\t\t\t\t\t<\/div>\n\t\t\t\t<\/div>\n\t\t\t\t<div class=\"elementor-element elementor-element-9eb19a6 elementor-widget elementor-widget-heading\" data-id=\"9eb19a6\" data-element_type=\"widget\" data-widget_type=\"heading.default\">\n\t\t\t\t<div class=\"elementor-widget-container\">\n\t\t\t\t\t<h2 class=\"elementor-heading-title elementor-size-default\">Intellectual Property<\/h2>\t\t\t\t<\/div>\n\t\t\t\t<\/div>\n\t\t\t\t<div class=\"elementor-element elementor-element-a502089 elementor-widget elementor-widget-text-editor\" data-id=\"a502089\" data-element_type=\"widget\" data-widget_type=\"text-editor.default\">\n\t\t\t\t<div class=\"elementor-widget-container\">\n\t\t\t\t\t\t\t\t\t<p>The website and its components may contain confidential information or data protected under intellectual property law or other applicable regulations.<\/p><p>It is strictly forbidden for any user of the website to copy, modify, create derivative works, assemble, decompile, assign, sublicense, or transfer, in any form whatsoever, any element of the website.<\/p>\t\t\t\t\t\t\t\t<\/div>\n\t\t\t\t<\/div>\n\t\t\t\t<div class=\"elementor-element elementor-element-140f003 elementor-widget elementor-widget-heading\" data-id=\"140f003\" data-element_type=\"widget\" data-widget_type=\"heading.default\">\n\t\t\t\t<div class=\"elementor-widget-container\">\n\t\t\t\t\t<h2 class=\"elementor-heading-title elementor-size-default\">Credits &amp; Copyrights<\/h2>\t\t\t\t<\/div>\n\t\t\t\t<\/div>\n\t\t\t\t<div class=\"elementor-element elementor-element-b69b0b5 elementor-widget elementor-widget-text-editor\" data-id=\"b69b0b5\" data-element_type=\"widget\" data-widget_type=\"text-editor.default\">\n\t\t\t\t<div class=\"elementor-widget-container\">\n\t\t\t\t\t\t\t\t\t<p>Casa Privada, 123rf, Unsplash, Sowebio.<\/p>\t\t\t\t\t\t\t\t<\/div>\n\t\t\t\t<\/div>\n\t\t\t\t\t<\/div>\n\t\t\t\t<\/div>\n\t\t\t\t<\/div>","protected":false},"excerpt":{"rendered":"<p>Mentions l\u00e9gales \u00c9diteur de la publication Matthieu Lhospitalier Casa Privada 9 Calle Sancho 4 el bravo, 11510 Vejer de la Frontera contact@casaprivada.com www.casa-privada.com H\u00e9bergeur Sowebio SARL &#8211; Agence web Aquitaine 15 rue du Temple17310 St Pierre d\u2019Ol\u00e9ronT\u00e9l : 05 46 85 58 40 contact@soweb.iowww.soweb.io RCS La Rochelle : 844 060 046SIRET : 844016004600019 L\u2019h\u00e9bergeur assure [&hellip;]<\/p>\n","protected":false},"author":9,"featured_media":0,"parent":0,"menu_order":0,"comment_status":"closed","ping_status":"closed","template":"","meta":{"footnotes":""},"class_list":["post-246","page","type-page","status-publish","hentry"],"yoast_head":"<!-- This site is optimized with the Yoast SEO plugin v27.4 - https:\/\/yoast.com\/product\/yoast-seo-wordpress\/ -->\n<title>Mentions l\u00e9gales - Casa Privada Maison \u00e0 louer<\/title>\n<meta name=\"description\" content=\"D\u00e9couvrez les mentions l\u00e9gales de Casa Privada maison \u00e0 louer situ\u00e9e \u00e0 Vejer de la Frontera en Andalousie Espagne\" \/>\n<meta name=\"robots\" content=\"index, follow, max-snippet:-1, max-image-preview:large, max-video-preview:-1\" \/>\n<link rel=\"canonical\" href=\"https:\/\/www.casa-privada.com\/en\/mentions-legales\/\" \/>\n<meta property=\"og:locale\" content=\"en_GB\" \/>\n<meta property=\"og:type\" content=\"article\" \/>\n<meta property=\"og:title\" content=\"Mentions l\u00e9gales - Casa Privada Maison \u00e0 louer\" \/>\n<meta property=\"og:description\" content=\"D\u00e9couvrez les mentions l\u00e9gales de Casa Privada maison \u00e0 louer situ\u00e9e \u00e0 Vejer de la Frontera en Andalousie Espagne\" \/>\n<meta property=\"og:url\" content=\"https:\/\/www.casa-privada.com\/en\/mentions-legales\/\" \/>\n<meta property=\"og:site_name\" content=\"Casa Privada\" \/>\n<meta property=\"article:modified_time\" content=\"2026-02-23T15:05:54+00:00\" \/>\n<meta property=\"og:image\" content=\"https:\/\/www.casa-privada.com\/wp-content\/uploads\/Casa-Privada.png\" \/>\n<meta name=\"twitter:card\" content=\"summary_large_image\" \/>\n<meta name=\"twitter:label1\" content=\"Estimated reading time\" \/>\n\t<meta name=\"twitter:data1\" content=\"2 minutes\" \/>\n<script type=\"application\/ld+json\" class=\"yoast-schema-graph\">{\"@context\":\"https:\\\/\\\/schema.org\",\"@graph\":[{\"@type\":\"WebPage\",\"@id\":\"https:\\\/\\\/www.casa-privada.com\\\/mentions-legales\\\/\",\"url\":\"https:\\\/\\\/www.casa-privada.com\\\/mentions-legales\\\/\",\"name\":\"Mentions l\u00e9gales - Casa Privada Maison \u00e0 louer\",\"isPartOf\":{\"@id\":\"https:\\\/\\\/www.casa-privada.com\\\/#website\"},\"primaryImageOfPage\":{\"@id\":\"https:\\\/\\\/www.casa-privada.com\\\/mentions-legales\\\/#primaryimage\"},\"image\":{\"@id\":\"https:\\\/\\\/www.casa-privada.com\\\/mentions-legales\\\/#primaryimage\"},\"thumbnailUrl\":\"https:\\\/\\\/www.casa-privada.com\\\/wp-content\\\/uploads\\\/Casa-Privada.png\",\"datePublished\":\"2024-10-05T15:35:53+00:00\",\"dateModified\":\"2026-02-23T15:05:54+00:00\",\"description\":\"D\u00e9couvrez les mentions l\u00e9gales de Casa Privada maison \u00e0 louer situ\u00e9e \u00e0 Vejer de la Frontera en Andalousie Espagne\",\"breadcrumb\":{\"@id\":\"https:\\\/\\\/www.casa-privada.com\\\/mentions-legales\\\/#breadcrumb\"},\"inLanguage\":\"en-GB\",\"potentialAction\":[{\"@type\":\"ReadAction\",\"target\":[\"https:\\\/\\\/www.casa-privada.com\\\/mentions-legales\\\/\"]}]},{\"@type\":\"ImageObject\",\"inLanguage\":\"en-GB\",\"@id\":\"https:\\\/\\\/www.casa-privada.com\\\/mentions-legales\\\/#primaryimage\",\"url\":\"https:\\\/\\\/www.casa-privada.com\\\/wp-content\\\/uploads\\\/Casa-Privada.png\",\"contentUrl\":\"https:\\\/\\\/www.casa-privada.com\\\/wp-content\\\/uploads\\\/Casa-Privada.png\"},{\"@type\":\"BreadcrumbList\",\"@id\":\"https:\\\/\\\/www.casa-privada.com\\\/mentions-legales\\\/#breadcrumb\",\"itemListElement\":[{\"@type\":\"ListItem\",\"position\":1,\"name\":\"Home\",\"item\":\"https:\\\/\\\/www.casa-privada.com\\\/\"},{\"@type\":\"ListItem\",\"position\":2,\"name\":\"Mentions l\u00e9gales\"}]},{\"@type\":\"WebSite\",\"@id\":\"https:\\\/\\\/www.casa-privada.com\\\/#website\",\"url\":\"https:\\\/\\\/www.casa-privada.com\\\/\",\"name\":\"Casa Privada\",\"description\":\"Just another WordPress site\",\"publisher\":{\"@id\":\"https:\\\/\\\/www.casa-privada.com\\\/#organization\"},\"potentialAction\":[{\"@type\":\"SearchAction\",\"target\":{\"@type\":\"EntryPoint\",\"urlTemplate\":\"https:\\\/\\\/www.casa-privada.com\\\/?s={search_term_string}\"},\"query-input\":{\"@type\":\"PropertyValueSpecification\",\"valueRequired\":true,\"valueName\":\"search_term_string\"}}],\"inLanguage\":\"en-GB\"},{\"@type\":\"Organization\",\"@id\":\"https:\\\/\\\/www.casa-privada.com\\\/#organization\",\"name\":\"Casa Privada\",\"url\":\"https:\\\/\\\/www.casa-privada.com\\\/\",\"logo\":{\"@type\":\"ImageObject\",\"inLanguage\":\"en-GB\",\"@id\":\"https:\\\/\\\/www.casa-privada.com\\\/#\\\/schema\\\/logo\\\/image\\\/\",\"url\":\"https:\\\/\\\/www.casa-privada.com\\\/wp-content\\\/uploads\\\/Casa-Privada-blanc.png\",\"contentUrl\":\"https:\\\/\\\/www.casa-privada.com\\\/wp-content\\\/uploads\\\/Casa-Privada-blanc.png\",\"width\":1890,\"height\":567,\"caption\":\"Casa Privada\"},\"image\":{\"@id\":\"https:\\\/\\\/www.casa-privada.com\\\/#\\\/schema\\\/logo\\\/image\\\/\"}}]}<\/script>\n<!-- \/ Yoast SEO plugin. -->","yoast_head_json":{"title":"Mentions l\u00e9gales - Casa Privada Maison \u00e0 louer","description":"D\u00e9couvrez les mentions l\u00e9gales de Casa Privada maison \u00e0 louer situ\u00e9e \u00e0 Vejer de la Frontera en Andalousie Espagne","robots":{"index":"index","follow":"follow","max-snippet":"max-snippet:-1","max-image-preview":"max-image-preview:large","max-video-preview":"max-video-preview:-1"},"canonical":"https:\/\/www.casa-privada.com\/en\/mentions-legales\/","og_locale":"en_GB","og_type":"article","og_title":"Mentions l\u00e9gales - Casa Privada Maison \u00e0 louer","og_description":"D\u00e9couvrez les mentions l\u00e9gales de Casa Privada maison \u00e0 louer situ\u00e9e \u00e0 Vejer de la Frontera en Andalousie Espagne","og_url":"https:\/\/www.casa-privada.com\/en\/mentions-legales\/","og_site_name":"Casa Privada","article_modified_time":"2026-02-23T15:05:54+00:00","og_image":[{"url":"https:\/\/www.casa-privada.com\/wp-content\/uploads\/Casa-Privada.png","type":"","width":"","height":""}],"twitter_card":"summary_large_image","twitter_misc":{"Estimated reading time":"2 minutes"},"schema":{"@context":"https:\/\/schema.org","@graph":[{"@type":"WebPage","@id":"https:\/\/www.casa-privada.com\/mentions-legales\/","url":"https:\/\/www.casa-privada.com\/mentions-legales\/","name":"Mentions l\u00e9gales - Casa Privada Maison \u00e0 louer","isPartOf":{"@id":"https:\/\/www.casa-privada.com\/#website"},"primaryImageOfPage":{"@id":"https:\/\/www.casa-privada.com\/mentions-legales\/#primaryimage"},"image":{"@id":"https:\/\/www.casa-privada.com\/mentions-legales\/#primaryimage"},"thumbnailUrl":"https:\/\/www.casa-privada.com\/wp-content\/uploads\/Casa-Privada.png","datePublished":"2024-10-05T15:35:53+00:00","dateModified":"2026-02-23T15:05:54+00:00","description":"D\u00e9couvrez les mentions l\u00e9gales de Casa Privada maison \u00e0 louer situ\u00e9e \u00e0 Vejer de la Frontera en Andalousie Espagne","breadcrumb":{"@id":"https:\/\/www.casa-privada.com\/mentions-legales\/#breadcrumb"},"inLanguage":"en-GB","potentialAction":[{"@type":"ReadAction","target":["https:\/\/www.casa-privada.com\/mentions-legales\/"]}]},{"@type":"ImageObject","inLanguage":"en-GB","@id":"https:\/\/www.casa-privada.com\/mentions-legales\/#primaryimage","url":"https:\/\/www.casa-privada.com\/wp-content\/uploads\/Casa-Privada.png","contentUrl":"https:\/\/www.casa-privada.com\/wp-content\/uploads\/Casa-Privada.png"},{"@type":"BreadcrumbList","@id":"https:\/\/www.casa-privada.com\/mentions-legales\/#breadcrumb","itemListElement":[{"@type":"ListItem","position":1,"name":"Home","item":"https:\/\/www.casa-privada.com\/"},{"@type":"ListItem","position":2,"name":"Mentions l\u00e9gales"}]},{"@type":"WebSite","@id":"https:\/\/www.casa-privada.com\/#website","url":"https:\/\/www.casa-privada.com\/","name":"Casa Privada","description":"Just another WordPress site","publisher":{"@id":"https:\/\/www.casa-privada.com\/#organization"},"potentialAction":[{"@type":"SearchAction","target":{"@type":"EntryPoint","urlTemplate":"https:\/\/www.casa-privada.com\/?s={search_term_string}"},"query-input":{"@type":"PropertyValueSpecification","valueRequired":true,"valueName":"search_term_string"}}],"inLanguage":"en-GB"},{"@type":"Organization","@id":"https:\/\/www.casa-privada.com\/#organization","name":"Casa Privada","url":"https:\/\/www.casa-privada.com\/","logo":{"@type":"ImageObject","inLanguage":"en-GB","@id":"https:\/\/www.casa-privada.com\/#\/schema\/logo\/image\/","url":"https:\/\/www.casa-privada.com\/wp-content\/uploads\/Casa-Privada-blanc.png","contentUrl":"https:\/\/www.casa-privada.com\/wp-content\/uploads\/Casa-Privada-blanc.png","width":1890,"height":567,"caption":"Casa Privada"},"image":{"@id":"https:\/\/www.casa-privada.com\/#\/schema\/logo\/image\/"}}]}},"_links":{"self":[{"href":"https:\/\/www.casa-privada.com\/en\/wp-json\/wp\/v2\/pages\/246","targetHints":{"allow":["GET"]}}],"collection":[{"href":"https:\/\/www.casa-privada.com\/en\/wp-json\/wp\/v2\/pages"}],"about":[{"href":"https:\/\/www.casa-privada.com\/en\/wp-json\/wp\/v2\/types\/page"}],"author":[{"embeddable":true,"href":"https:\/\/www.casa-privada.com\/en\/wp-json\/wp\/v2\/users\/9"}],"replies":[{"embeddable":true,"href":"https:\/\/www.casa-privada.com\/en\/wp-json\/wp\/v2\/comments?post=246"}],"version-history":[{"count":5,"href":"https:\/\/www.casa-privada.com\/en\/wp-json\/wp\/v2\/pages\/246\/revisions"}],"predecessor-version":[{"id":1550,"href":"https:\/\/www.casa-privada.com\/en\/wp-json\/wp\/v2\/pages\/246\/revisions\/1550"}],"wp:attachment":[{"href":"https:\/\/www.casa-privada.com\/en\/wp-json\/wp\/v2\/media?parent=246"}],"curies":[{"name":"wp","href":"https:\/\/api.w.org\/{rel}","templated":true}]}}